{"id":1483,"date":"2010-12-27T16:02:44","date_gmt":"2010-12-27T14:02:44","guid":{"rendered":"http:\/\/127.0.0.1\/balticfinns\/?page_id=1483"},"modified":"2010-12-27T16:02:44","modified_gmt":"2010-12-27T14:02:44","slug":"viron-faktat-ja-tilastot","status":"publish","type":"page","link":"https:\/\/tere-tech.eu\/balticfinns\/index.php\/balttia\/viron-faktat-ja-tilastot\/","title":{"rendered":"Viron faktat"},"content":{"rendered":"<p>\t\t\t\t<iframe src =\"http:\/\/fi.wikipedia.org\/wiki\/Viro\" width=\"100%\" height=\"250\"><\/p>\n<p>Selaimesi ei tue sis\u00e4lt\u00f6\u00e4mme valitettavasti.<\/p>\n<p><\/iframe><br \/>\n&#8212;<br \/>\n<iframe src =\"http:\/\/en.wikipedia.org\/wiki\/Estonia\" width=\"100%\" height=\"250\"><\/p>\n<p>Selaimesi ei tue sis\u00e4lt\u00f6\u00e4mme valitettavasti.<\/p>\n<p><\/iframe>\t\t<\/p>\n","protected":false},"excerpt":{"rendered":"<p>Selaimesi ei tue sis\u00e4lt\u00f6\u00e4mme valitettavasti. &#8212; Selaimesi ei tue sis\u00e4lt\u00f6\u00e4mme valitettavasti.<\/p>\n","protected":false},"author":1,"featured_media":0,"parent":1508,"menu_order":0,"comment_status":"closed","ping_status":"closed","template":"","meta":{"_monsterinsights_skip_tracking":false,"_monsterinsights_sitenote_active":false,"_monsterinsights_sitenote_note":"","_monsterinsights_sitenote_category":0,"footnotes":""},"_links":{"self":[{"href":"https:\/\/tere-tech.eu\/balticfinns\/index.php\/wp-json\/wp\/v2\/pages\/1483"}],"collection":[{"href":"https:\/\/tere-tech.eu\/balticfinns\/index.php\/wp-json\/wp\/v2\/pages"}],"about":[{"href":"https:\/\/tere-tech.eu\/balticfinns\/index.php\/wp-json\/wp\/v2\/types\/page"}],"author":[{"embeddable":true,"href":"https:\/\/tere-tech.eu\/balticfinns\/index.php\/wp-json\/wp\/v2\/users\/1"}],"replies":[{"embeddable":true,"href":"https:\/\/tere-tech.eu\/balticfinns\/index.php\/wp-json\/wp\/v2\/comments?post=1483"}],"version-history":[{"count":0,"href":"https:\/\/tere-tech.eu\/balticfinns\/index.php\/wp-json\/wp\/v2\/pages\/1483\/revisions"}],"up":[{"embeddable":true,"href":"https:\/\/tere-tech.eu\/balticfinns\/index.php\/wp-json\/wp\/v2\/pages\/1508"}],"wp:attachment":[{"href":"https:\/\/tere-tech.eu\/balticfinns\/index.php\/wp-json\/wp\/v2\/media?parent=1483"}],"curies":[{"name":"wp","href":"https:\/\/api.w.org\/{rel}","templated":true}]}}