{"id":4750,"date":"2011-04-29T13:09:20","date_gmt":"2011-04-29T10:09:20","guid":{"rendered":"http:\/\/127.0.0.1\/balticfinns\/?page_id=3972"},"modified":"2011-04-29T13:09:20","modified_gmt":"2011-04-29T10:09:20","slug":"top-50-parhaat-lypsylehmat-yksityisomistajilleen","status":"publish","type":"page","link":"https:\/\/tere-tech.eu\/balticfinns\/index.php\/top-50-parhaat-lypsylehmat-yksityisomistajilleen\/","title":{"rendered":"TOP-50: parhaat lypsylehm\u00e4t yksityisomistajilleen 2010"},"content":{"rendered":"<p>\t\t\t\tT\u00e4ss\u00e4 on lista\u00a0eniten osinkoja nostaneista yrityspomojen yrityksist\u00e4 Virossa v 2010 paikallisesta kauppalehdess\u00e4. Lista antaa aika hyv\u00e4n suuntaa siit\u00e4 mill\u00e4 toimialoilla ja miten tulosta on eniten taottu liikemiesten keskuudessa.<\/p>\n<p>Koska lista on julkinen niin sen voi lukea yht\u00e4 hyvin viroksikin henkil\u00f6iden ja tulojen osalta (linkki lopussa). Koostamme t\u00e4ss\u00e4 vain listan\u00a0TOP-50\u00a0yrityksist\u00e4 ja toimialoista jotta paremmin n\u00e4kyy omistajilleen tuottoisimmat aktiviteetit nyky\u00e4\u00e4n maan taloudesta.<\/p>\n<ol>\n<li><strong>Merko Ehituse<\/strong>,\u00a0rakennusliike<\/li>\n<li><strong>MSI Grupp<\/strong>, rakennusurakoitsija Ven\u00e4j\u00e4lle<\/li>\n<li><strong>Viron rautatiet\u00a0ja\u00a0Tallinnan Vesi<\/strong>,\u00a0yksityiset\u00a0raide- ja vesimonopolit<\/li>\n<li><strong>Hansapankki<\/strong>,\u00a0sen\u00a0vanhan omistajan osinkotulot nyk Swedbank:sta<\/li>\n<li><strong>Pakpoord<\/strong>, vaatteiden valmistusta<\/li>\n<li><strong>STV<\/strong>, ven\u00e4l\u00e4inen internet- ja TV-operaattori<\/li>\n<li><strong>Tavid<\/strong>, kulta- ja valuuttakauppaa<\/li>\n<li><strong>AGE COM<\/strong>, mainostoimisto<\/li>\n<li><strong>Playtech<\/strong>, online -rahapelien tuottaja<\/li>\n<li><strong>Vopak<\/strong>, \u00f6ljyn transitoliikennett\u00e4<\/li>\n<li><strong>DBT<\/strong>, konttien transitoliikennett\u00e4<\/li>\n<li><strong>NG Investeering<\/strong>, sijoitusfirma salkussa mm\u00a0Kaubamaja,\u00a0Liviko,\u00a0Balbiino,\u00a0Selver\u00a0ja\u00a0Kitmani\u00a0firmoissa<\/li>\n<li><strong>Eesti Volvo ja Ford<\/strong>,\u00a0automerkkien edustus, myynti ja markkinointi maassa<\/li>\n<li><strong>Valga Lihat\u00f6\u00f6stuse<\/strong> yrityskauppa ja -fuusio\u00a0<strong>Atriaan<\/strong><\/li>\n<li><strong>Baltronics<\/strong>, valokuitukaapelin tuotanto ja myynti<\/li>\n<li><strong>Sorainen\u00a0et al<\/strong>, lakitoimisto<\/li>\n<li><strong>Filter<\/strong>, kaukol\u00e4mp\u00f6- ja vedenpuhdistulaitteita, tuotot viennist\u00e4<\/li>\n<li><strong>Mobil, Esso ja Eurol<\/strong> -tuotteiden edustus- ja myyntioikeudet<\/li>\n<li><strong>Raepank<\/strong>, pankkitoimintaa<\/li>\n<li><strong>Krisiine kasino<\/strong>,\u00a0yrityskauppa ja\u00a0-fuusio Olympic -ketjuun<\/li>\n<li><strong>Viru Keemia Grupp<\/strong>, teollisuuden monialakonserni<\/li>\n<li><strong>Bellus Furnitur<\/strong>, huonekaluvalmistusta ja vienti\u00e4 Suomeen ja Ruotsiin<\/li>\n<li><strong>Bigbank<\/strong>, p\u00f6rssikauppoja velkakirjoilla<\/li>\n<li><strong>Transiidikeskuse<\/strong>, Muugan konttiterminaalin operaattori<\/li>\n<li><strong>Ehituse ABC<\/strong>, rakennustarvikeliike<\/li>\n<li><strong>Contimer<\/strong>, logistiikan huolintapalvelut<\/li>\n<li><strong>BO-Soft<\/strong>, Tanskan HiFi-laitevalmistajan Bang &amp; Olufsen a\/s softan tuotantoa<\/li>\n<li><strong>Konesko<\/strong>, alihankkija s\u00e4hk\u00f6moottoreissa ja siltanostureissa Suomeen<\/li>\n<li><strong>Nordecon<\/strong>, rakennusliike ja tienrakennusta<\/li>\n<li><strong>Clik<\/strong>, ilmastointi- ja eritysurakoiden toteutus<\/li>\n<li><strong>Sylvesteri<\/strong>, mets\u00e4alan yrityskauppa<\/li>\n<li><strong>ELL Kinnisvara<\/strong>, kiinteist\u00f6kauppaa<\/li>\n<li><strong>Estkompexim<\/strong>, j\u00e4\u00e4tel\u00f6- ja makkarakauppaa, tuontia<\/li>\n<li><strong>Edise Ehitus<\/strong>, rakennusfirma<\/li>\n<li><strong>Play-In Casino<\/strong>, fuusio ja yrityskauppa, kasinotoiminta<\/li>\n<li><strong>LHV Pang<\/strong>, pankkitoiminta, virolainen p\u00e4\u00e4oma<\/li>\n<li><strong>P\u00f5lva Agro<\/strong>, yrityskauppa ja -fuusio<\/li>\n<li><strong>Elite, T\u00e4he ja Gyne<\/strong>, yksityist\u00e4 l\u00e4\u00e4k\u00e4ritoimintaa<\/li>\n<li><strong>Meta-EKS SP<\/strong>, yrityskauppa ja -fuusio, rautatierahdin huolintaliike<\/li>\n<li><strong>Stokker ja Mecro<\/strong>, ty\u00f6koneiden, -tarvikkeiden ja -asusteiden kauppias<\/li>\n<li><strong>Savi<\/strong>, rakennusliike<\/li>\n<li><strong>Sanco Ehituse<\/strong>, rakennusliike<\/li>\n<li><strong>Maru<\/strong>, metallituotteiden valmistaja rakennusalalle<\/li>\n<li><strong>ML Properties<\/strong>, media- ja mainostuotantoa<\/li>\n<li><strong>Fredmaster<\/strong>, rakennusliike<\/li>\n<li><strong>Saaremaa Laevakompanii<\/strong>, matkustajaristeilyj\u00e4 Saaremaalta<\/li>\n<li><strong>KH Energia-Konsult<\/strong>, Tallinnan valaistustoimittaja aina v 2014 asti<\/li>\n<li><strong>Tirsi\u00a0-kauppaketju<\/strong>, yrityskauppa ja -fuusio Selveriin<\/li>\n<li><strong>Salva Kindlustuse<\/strong>, vakuutuskauppaa<\/li>\n<li><strong>Kaupmees &amp; Ko<\/strong>, ruokatuotteiden edustaja ja tukkumyyj\u00e4, tuonti<\/li>\n<\/ol>\n<p>T\u00e4st\u00e4 k\u00e4rkijoukosa n\u00e4kyy, ett\u00e4 toimialoittain rakennusliikkeet\/-toiminta ovat edelleen vankin osinkojen l\u00e4hde (7 kpl), jota seuraa pankit (6 kpl) ja yritysfuusiot (6 kpl). Kolmannen sijan jakavat taas satamabisnes (4 kpl) ja teknologia (4 kpl) yritt\u00e4j\u00e4t. Viel\u00e4 voidaan erottaa esim maahantuojien edustukset (3 kpl) ja media\/mainosfirmat (2 kpl). Loput yritykset menev\u00e4t sitten yksitt\u00e4isiin tapauksiin talouden eri toimialoilta.<\/p>\n<p>Toimialakohtainen kannattavuus omistajilleen yrityksitt\u00e4in menee siis n\u00e4in:<\/p>\n<ol>\n<li>Rakennusliikkeet: Merko Ehituse, MSI Grupp, Nordecon, Edise Ehitus, Savi, Sanco Ehituse, Fredmaster<\/li>\n<li>Pankit ja finanssi: Hansapankki, Tavid, NG Investeering, Raepank, Bigbank, LHV Pang<\/li>\n<li>Yritysfuusiot: Valga Lihat\u00f6\u00f6stuse, Krisiine kasino, Play-In Casino, P\u00f5lva Agro,\u00a0Meta-EKS SP, Tirsi<\/li>\n<li>Satamabisnes: Vopak, DBT, Transiidikeskuse, Contimer<\/li>\n<li>Teknologia: STV, Playtech, Baltronics,\u00a0BO-Soft<\/li>\n<li>Edustukset &amp; tuonti: Eesti Volvo ja Ford, Mobil, Esso ja Eurol, Kaupmees &amp; Ko<\/li>\n<li>Media: AGE COM, ML Properties<\/li>\n<li>Ne MUUT<\/li>\n<\/ol>\n<p><a href=\"http:\/\/127.0.0.1\/balticfinns\/wp-content\/uploads\/2011\/01\/dividends.png\"><img decoding=\"async\" loading=\"lazy\" title=\"dividends\" src=\"http:\/\/127.0.0.1\/balticfinns\/wp-content\/uploads\/2011\/01\/dividends.png\" alt=\"Osinkotulot\" width=\"502\" height=\"262\" \/><\/a><\/p>\n<p>Yll\u00e4tt\u00e4vin havainto on, ett\u00e4 Virosta l\u00f6ytyy huippuluokan tanskalaisen HiFi -\u00e4\u00e4nentoistovalmistajan softaa tuottava v2006 perustettu enemmist\u00f6omisteinen tyt\u00e4r\u00a0<a href=\"http:\/\/www.linkedin.com\/companies\/bo-soft-ltd.\" target=\"_blank\" rel=\"noopener noreferrer\">BO-Soft <\/a>O\u00dc\u00a0(kaupparekisteri nro 11252851).<\/p>\n<p><a href=\"http:\/\/www.ap3.ee\/default.aspx?publicationid=5c966f4e-ac04-488b-b104-2eb39fc386fc\" target=\"_blank\" rel=\"noopener noreferrer\">http:\/\/www.ap3.ee\/default.aspx?publicationid=5c966f4e-ac04-488b-b104-2eb39fc386fc<\/a>\t\t<\/p>\n","protected":false},"excerpt":{"rendered":"<p>T\u00e4ss\u00e4 on lista\u00a0eniten osinkoja nostaneista yrityspomojen yrityksist\u00e4 Virossa v 2010 paikallisesta kauppalehdess\u00e4. Lista antaa aika hyv\u00e4n suuntaa siit\u00e4 mill\u00e4 toimialoilla ja miten tulosta on eniten taottu liikemiesten keskuudessa. Koska lista on julkinen niin sen voi lukea yht\u00e4 hyvin viroksikin henkil\u00f6iden ja tulojen osalta (linkki lopussa). Koostamme t\u00e4ss\u00e4 vain listan\u00a0TOP-50\u00a0yrityksist\u00e4 ja toimialoista jotta paremmin n\u00e4kyy omistajilleen &#8230; <a title=\"TOP-50: parhaat lypsylehm\u00e4t yksityisomistajilleen 2010\" class=\"read-more\" href=\"https:\/\/tere-tech.eu\/balticfinns\/index.php\/top-50-parhaat-lypsylehmat-yksityisomistajilleen\/\" aria-label=\"Lue lis\u00e4\u00e4 aiheesta TOP-50: parhaat lypsylehm\u00e4t yksityisomistajilleen 2010\">Lue lis\u00e4\u00e4<\/a><\/p>\n","protected":false},"author":1,"featured_media":0,"parent":0,"menu_order":0,"comment_status":"closed","ping_status":"closed","template":"","meta":{"_monsterinsights_skip_tracking":false,"_monsterinsights_sitenote_active":false,"_monsterinsights_sitenote_note":"","_monsterinsights_sitenote_category":0,"footnotes":""},"_links":{"self":[{"href":"https:\/\/tere-tech.eu\/balticfinns\/index.php\/wp-json\/wp\/v2\/pages\/4750"}],"collection":[{"href":"https:\/\/tere-tech.eu\/balticfinns\/index.php\/wp-json\/wp\/v2\/pages"}],"about":[{"href":"https:\/\/tere-tech.eu\/balticfinns\/index.php\/wp-json\/wp\/v2\/types\/page"}],"author":[{"embeddable":true,"href":"https:\/\/tere-tech.eu\/balticfinns\/index.php\/wp-json\/wp\/v2\/users\/1"}],"replies":[{"embeddable":true,"href":"https:\/\/tere-tech.eu\/balticfinns\/index.php\/wp-json\/wp\/v2\/comments?post=4750"}],"version-history":[{"count":0,"href":"https:\/\/tere-tech.eu\/balticfinns\/index.php\/wp-json\/wp\/v2\/pages\/4750\/revisions"}],"wp:attachment":[{"href":"https:\/\/tere-tech.eu\/balticfinns\/index.php\/wp-json\/wp\/v2\/media?parent=4750"}],"curies":[{"name":"wp","href":"https:\/\/api.w.org\/{rel}","templated":true}]}}