{"id":59587,"date":"2018-11-07T07:37:15","date_gmt":"2018-11-07T05:37:15","guid":{"rendered":"https:\/\/tere-tech.com\/balticfinns\/?page_id=59587"},"modified":"2018-11-07T07:37:15","modified_gmt":"2018-11-07T05:37:15","slug":"kodin-ostaja","status":"publish","type":"page","link":"https:\/\/tere-tech.eu\/balticfinns\/index.php\/kodin-ostaja\/","title":{"rendered":"Kodin ostaja"},"content":{"rendered":"<p>\t\t\t\tKodin ostajana saat t\u00e4st\u00e4 k\u00e4ytt\u00f6\u00f6si parhaat ty\u00f6kalut, joilla voit ymm\u00e4rt\u00e4\u00e4 &amp; s\u00e4\u00e4st\u00e4\u00e4 suuria summia tekem\u00e4ll\u00e4 oikeita valintoja muuttuvilta asuntomarkkinoilta.<\/p>\n<p>&nbsp;\t\t<\/p>\n","protected":false},"excerpt":{"rendered":"<p>Kodin ostajana saat t\u00e4st\u00e4 k\u00e4ytt\u00f6\u00f6si parhaat ty\u00f6kalut, joilla voit ymm\u00e4rt\u00e4\u00e4 &amp; s\u00e4\u00e4st\u00e4\u00e4 suuria summia tekem\u00e4ll\u00e4 oikeita valintoja muuttuvilta asuntomarkkinoilta. &nbsp;<\/p>\n","protected":false},"author":1,"featured_media":0,"parent":0,"menu_order":0,"comment_status":"closed","ping_status":"closed","template":"","meta":{"_monsterinsights_skip_tracking":false,"_monsterinsights_sitenote_active":false,"_monsterinsights_sitenote_note":"","_monsterinsights_sitenote_category":0,"footnotes":""},"_links":{"self":[{"href":"https:\/\/tere-tech.eu\/balticfinns\/index.php\/wp-json\/wp\/v2\/pages\/59587"}],"collection":[{"href":"https:\/\/tere-tech.eu\/balticfinns\/index.php\/wp-json\/wp\/v2\/pages"}],"about":[{"href":"https:\/\/tere-tech.eu\/balticfinns\/index.php\/wp-json\/wp\/v2\/types\/page"}],"author":[{"embeddable":true,"href":"https:\/\/tere-tech.eu\/balticfinns\/index.php\/wp-json\/wp\/v2\/users\/1"}],"replies":[{"embeddable":true,"href":"https:\/\/tere-tech.eu\/balticfinns\/index.php\/wp-json\/wp\/v2\/comments?post=59587"}],"version-history":[{"count":0,"href":"https:\/\/tere-tech.eu\/balticfinns\/index.php\/wp-json\/wp\/v2\/pages\/59587\/revisions"}],"wp:attachment":[{"href":"https:\/\/tere-tech.eu\/balticfinns\/index.php\/wp-json\/wp\/v2\/media?parent=59587"}],"curies":[{"name":"wp","href":"https:\/\/api.w.org\/{rel}","templated":true}]}}