{"id":65975,"date":"2019-11-06T20:03:47","date_gmt":"2019-11-06T18:03:47","guid":{"rendered":"https:\/\/tere-tech.com\/balticfinns\/?page_id=65975"},"modified":"2019-11-06T20:03:47","modified_gmt":"2019-11-06T18:03:47","slug":"tietosuojalauseke","status":"publish","type":"page","link":"https:\/\/tere-tech.eu\/balticfinns\/index.php\/tietosuojalauseke\/","title":{"rendered":"Tietosuojalauseke"},"content":{"rendered":"\n\t\t\t\t\n<ul><li>Suojaamme k\u00e4ytt\u00e4jiemme yksityisyytt\u00e4 riitt\u00e4v\u00e4n tehokkaille teknisill\u00e4 ratkaisuille. <strong>Luottamuksesi on meille t\u00e4rke\u00e4\u00e4!<\/strong><\/li><li>Pyrimme jatkuvasti parantamaan teknisi\u00e4 kyvykkyyksi\u00e4mme tarjotaksemme sinulle valintoja tietojen k\u00e4sittelyyn liittyen sek\u00e4 toteuttaaksemme tietosuoja-asetuksen mukaiset oikeutesi saumattomasti.<\/li><li>Jaamme k\u00e4sittelem\u00e4mme tiedot k\u00e4ytt\u00e4j\u00e4n antamiin, verkkopalveluiden k\u00e4yt\u00f6st\u00e4 havainnoituihin ja analytiikan avulla johdettuihin tietoihin.<\/li><li> K\u00e4yt\u00e4mme dataa palveluiden datan laajentamiseen, personointiin sek\u00e4 tuotekehitykseen. sek\u00e4 osuvamman mainonnan n\u00e4ytt\u00e4miseen.<\/li><li>Emme ker\u00e4\u00e4 p\u00e4\u00e4tetelaitteesi sijaintitietoja (GPS) emmek\u00e4 mit\u00e4\u00e4n sellaista josta fyysiset sijainnit voidaa johtaa \/ analysoida.<\/li><\/ul>\n\t\t","protected":false},"excerpt":{"rendered":"<p>Suojaamme k\u00e4ytt\u00e4jiemme yksityisyytt\u00e4 riitt\u00e4v\u00e4n tehokkaille teknisill\u00e4 ratkaisuille. Luottamuksesi on meille t\u00e4rke\u00e4\u00e4! Pyrimme jatkuvasti parantamaan teknisi\u00e4 kyvykkyyksi\u00e4mme tarjotaksemme sinulle valintoja tietojen k\u00e4sittelyyn liittyen sek\u00e4 toteuttaaksemme tietosuoja-asetuksen mukaiset oikeutesi saumattomasti. Jaamme k\u00e4sittelem\u00e4mme tiedot k\u00e4ytt\u00e4j\u00e4n antamiin, verkkopalveluiden k\u00e4yt\u00f6st\u00e4 havainnoituihin ja analytiikan avulla johdettuihin tietoihin. K\u00e4yt\u00e4mme dataa palveluiden datan laajentamiseen, personointiin sek\u00e4 tuotekehitykseen. sek\u00e4 osuvamman mainonnan n\u00e4ytt\u00e4miseen. Emme ker\u00e4\u00e4 &#8230; <a title=\"Tietosuojalauseke\" class=\"read-more\" href=\"https:\/\/tere-tech.eu\/balticfinns\/index.php\/tietosuojalauseke\/\" aria-label=\"Lue lis\u00e4\u00e4 aiheesta Tietosuojalauseke\">Lue lis\u00e4\u00e4<\/a><\/p>\n","protected":false},"author":1,"featured_media":0,"parent":0,"menu_order":0,"comment_status":"closed","ping_status":"closed","template":"","meta":{"_monsterinsights_skip_tracking":false,"_monsterinsights_sitenote_active":false,"_monsterinsights_sitenote_note":"","_monsterinsights_sitenote_category":0,"footnotes":""},"_links":{"self":[{"href":"https:\/\/tere-tech.eu\/balticfinns\/index.php\/wp-json\/wp\/v2\/pages\/65975"}],"collection":[{"href":"https:\/\/tere-tech.eu\/balticfinns\/index.php\/wp-json\/wp\/v2\/pages"}],"about":[{"href":"https:\/\/tere-tech.eu\/balticfinns\/index.php\/wp-json\/wp\/v2\/types\/page"}],"author":[{"embeddable":true,"href":"https:\/\/tere-tech.eu\/balticfinns\/index.php\/wp-json\/wp\/v2\/users\/1"}],"replies":[{"embeddable":true,"href":"https:\/\/tere-tech.eu\/balticfinns\/index.php\/wp-json\/wp\/v2\/comments?post=65975"}],"version-history":[{"count":0,"href":"https:\/\/tere-tech.eu\/balticfinns\/index.php\/wp-json\/wp\/v2\/pages\/65975\/revisions"}],"wp:attachment":[{"href":"https:\/\/tere-tech.eu\/balticfinns\/index.php\/wp-json\/wp\/v2\/media?parent=65975"}],"curies":[{"name":"wp","href":"https:\/\/api.w.org\/{rel}","templated":true}]}}