{"id":79829,"date":"2021-09-30T14:27:33","date_gmt":"2021-09-30T11:27:33","guid":{"rendered":"https:\/\/tere-tech.com\/balticfinns\/index.php\/smart-contract-for-home-0xdfa2-d92\/"},"modified":"2021-09-30T14:27:33","modified_gmt":"2021-09-30T11:27:33","slug":"smart-contract-for-home-0xdfa2-d92","status":"publish","type":"page","link":"https:\/\/tere-tech.eu\/balticfinns\/index.php\/smart-contract-for-home-0xdfa2-d92\/","title":{"rendered":"Smart contract for home  0xdFa2&#8230;D92"},"content":{"rendered":"\n<button id=\"portButt\" style=\"float:right\" class=\"btn btn-info\" onclick=\"window.open('\/balticfinns\/index.php\/eth-contracts-management\/?nocache=1')\">\n<img decoding=\"async\" src=\"\/balticfinns\/wp-content\/uploads\/2021\/09\/ethereum.png\" width=\"16\">\n<i class=\"fa fa-handshake-o\" style=\"font-size: large; color: navy\"><\/i>\n<\/button>\n<script>jQuery(\"#portButt\").attr(\"title\", getMsg(1084))<\/script>\n\n\n\n<figure class=\"wp-block-image size-large is-resized is-style-default\"><img decoding=\"async\" loading=\"lazy\" src=\"https:\/\/tere-tech.com\/balticfinns\/wp-content\/uploads\/2021\/09\/for-sale-1.jpg\" alt=\"\" class=\"wp-image-79171\" width=\"268\" height=\"201\"\/><\/figure>\n\n\n\n\n\n<ul class=\"nav nav-pills\" id=\"top-tables\">\n<li>\n<a href=\"#menu21\" data-toggle=\"tab\">\n<img decoding=\"async\" src=\"\/balticfinns\/wp-content\/uploads\/2021\/09\/flag_uk.png\" alt=\"In english\"> UK<\/a>\n<\/li>\n<li class=\"active\">\n<a href=\"#home2\" data-toggle=\"tab\">\n<img decoding=\"async\" src=\"\/balticfinns\/wp-content\/uploads\/2021\/09\/flag_finland.png\" alt=\"Suomeksi\"> FI<\/a>\n<\/li>\n<\/ul>\n<div class=\"tab-content\">\n<div id=\"home2\" class=\"tab-pane fade in active\">\n\n\n\n<h2 class=\"wp-block-heading\">Tiedot myyntikodista<\/h2>\n\n\n\n<table class=\"topsTable\" style=\"color: navy\">\n<tbody> \n\n<tr>\n<td><\/td>\n<td><img decoding=\"async\" src=\"\/balticfinns\/wp-content\/plugins\/flat-prices\/icons\/ale_m2.png\" title=\"Size\" width=\"45px\" height=\"45px\"><\/td>\n<td><img decoding=\"async\" src=\"\/balticfinns\/wp-content\/plugins\/flat-prices\/icons\/ale_rooms.png\" title=\"Number of Rooms\" width=\"45px\" height=\"45px\"><\/td>\n\n<td><img decoding=\"async\" src=\"\/balticfinns\/wp-content\/plugins\/flat-prices\/icons\/ale_floor.png\" title=\"Floor\" width=\"45px\" height=\"45px\"><\/td>\n\n<td><img decoding=\"async\" src=\"\/balticfinns\/wp-content\/plugins\/flat-prices\/icons\/ale_years.png\" title=\"Built\/Repaired\" width=\"45px\" height=\"45px\"><\/td>\n\n<td>\n<img decoding=\"async\" src=\"\/balticfinns\/wp-content\/plugins\/flat-prices\/icons\/price2.png\" title=\"Price\" width=\"45px\" height=\"45px\">\n<b style=\"font-size: large; color: navy\"> \/ <\/b>\n<img decoding=\"async\" src=\"\/balticfinns\/wp-content\/plugins\/flat-prices\/icons\/ale_m2.png\" title=\"Size\" width=\"32px\" height=\"32px\">\n<\/td>\n\n<td><img decoding=\"async\" src=\"\/balticfinns\/wp-content\/plugins\/flat-prices\/icons\/price2.png\" title=\"Price\" width=\"45px\" height=\"45px\"><\/td>\n<\/tr>\n\n<tr class=\"topsTableRow\">\n\n<td style=\"border: 4px inset #b8f9d5\" class=\".topsTableCell\">\n\n<b id=\"address\" class=\"address\" style=\"color:navy\">&#8211;<\/b>\n<b class=\"topsSubsub\">, \n<span id=\"town_area\" class=\"topsSubsub town_area\">&#8211;<\/span>\n<\/b> \n\n<\/td>\n\n<td style=\"border: 4px inset #b8f9d5\" class=\".topsTableCell\"><span id=\"m2\" class=\"m2\">&#8211;<\/span> m2<\/td>\n<td style=\"border: 4px inset #b8f9d5\" class=\".topsTableCell\"><span id=\"rooms\" class=\"rooms\">&#8211;<\/span><\/td>\n\n<td style=\"border: 4px inset #b8f9d5\" class=\".topsTableCell\"><span id=\"floors\" class=\"floors\">&#8211;<\/span><\/td>\n\n<td style=\"border: 4px inset #b8f9d5\" class=\".topsTableCell\"><span id=\"built\" class=\"built\">&#8211;<\/span><\/td>\n\n<td style=\"border: 4px inset #b8f9d5\" class=\".topsTableCell\"><span id=\"perM2\" class=\"perM2\">&#8211;<\/span> \u20ac\/m2<\/td>\n<td style=\"border: 4px inset #b8f9d5\" class=\".topsTableCell\"><b><span id=\"price\" class=\"price\">&#8211;<\/span> \u20ac<\/b><\/td>\n\n<\/tr>\n\n<\/tbody>\n<\/table>\n\n\n\n<button data-target=\".viewOfAir\" class=\"btn btn-info btn-block btn-air-title\" data-toggle=\"collapse\">\nHome&#8217;s house &amp; its neighborhoods\n<span class=\"glyphicon glyphicon-chevron-up\"><\/span>\n<span class=\"glyphicon glyphicon-chevron-down\"><\/span>\n<\/button>\n\n<div id=\"viewOfAir\" class=\"collapse viewOfAir\"> \n<\/div>\n<script>jQuery(\".btn-air-title\").html(getMsg(1083));<\/script>\n\n\n\n<div style=\"height:55px\" aria-hidden=\"true\" class=\"wp-block-spacer\"><\/div>\n\n\n\n<h2 class=\"wp-block-heading\"><img decoding=\"async\" loading=\"lazy\" width=\"40\" height=\"42\" class=\"wp-image-79119\" style=\"width: 40px;\" src=\"https:\/\/tere-tech.com\/balticfinns\/wp-content\/uploads\/2021\/09\/contract.png\" alt=\"\"> Myyntisopimus<\/h2>\n\n\n\n<p>Myyntisopimuksen t\u00e4lt\u00e4 sivulta:<\/p>\n\n\n\n<ul><li><em>Hallinnoit sopimuksen tilaa<\/em> itse suoraan sen edetess\u00e4.<\/li><li><em>Avaamalla sivun uudelleen n\u00e4et aina onko tilanne<\/em> muuttunut ostajien kanssa.<\/li><\/ul>\n\n\n\n<p><span style=\"color:#006b44\" class=\"has-inline-color\">Sivu kannattaa tallentaa kirjanmerkiksi selaimeen<\/span> ja nimet\u00e4 sopivasta jolloin siihen palaaminen on helppoa &amp; nopeaa jatkossa.<\/p>\n\n\n\n<p>Seuraavaksi l\u00f6yd\u00e4t: sopimuksen oma pysyv\u00e4 osoite lohkoketjuun, sen luoja sek\u00e4 jo mahdollinen sille l\u00f6ytynyt ostaja.<\/p>\n\n\n\n<div style=\"height:22px\" aria-hidden=\"true\" class=\"wp-block-spacer\"><\/div>\n\n\n\n<h3 class=\"wp-block-heading\">Fiksu sopimus lohkoketjusta<\/h3>\n\n\n\n<p>Linkki\u00e4 napauttamalla alta avaat heti nettisopimuksen <em>kaikki rekister\u00f6idyt julkiset muutokset <\/em>esiin.<\/p>\n\n\n\n<figure class=\"wp-block-image size-large\"><img decoding=\"async\" loading=\"lazy\" width=\"38\" height=\"37\" src=\"https:\/\/tere-tech.com\/balticfinns\/wp-content\/uploads\/2021\/09\/etherscan.png\" alt=\"\" class=\"wp-image-79468\"\/><\/figure>\n\n\n\n<b style=\"font-size: large\">\n<a href=\"https:\/\/ropsten.etherscan.io\/address\/0xdFa219eeE3A48216Aa7b8b79fE014e3e3AdF7D92\/0xdFa219eeE3A48216Aa7b8b79fE014e3e3AdF7D92\/\" target=\"_blank\" rel=\"noopener\">\n0xdFa219eeE3A48216Aa7b8b79fE014e3e3AdF7D92\n<\/a>\n<span class=\"glyphicon glyphicon-new-window\"><\/span>\n<\/b>\n\n\n\n<p>T\u00e4h\u00e4n sopimukseen annetut <em>tarkemmat yhteystiedot<\/em> ovat seuraavat.<\/p>\n\n\n\n<div class=\"wp-block-columns is-layout-flex wp-container-5 wp-block-columns-is-layout-flex\">\n<div class=\"wp-block-column is-layout-flow wp-block-column-is-layout-flow\">\n<h4 class=\"wp-block-heading\">Sopimuksen luoja<\/h4>\n\n\n\n<div class=\"wp-block-columns is-layout-flex wp-container-2 wp-block-columns-is-layout-flex\">\n<div class=\"wp-block-column is-layout-flow wp-block-column-is-layout-flow\">\n<a href=\"https:\/\/ropsten.etherscan.io\/address\/0xdFa219eeE3A48216Aa7b8b79fE014e3e3AdF7D92\" target=\"_blank\" rel=\"noopener\">\n<b id=\"acct\" class=\"acct\" style=\"font-size:x-small\">&#8211;\n<\/b>\n<span class=\"glyphicon glyphicon-new-window\"><\/span>\n<\/a>\n\n<div id=\"name\" class=\"name\" style=\"font-weight: bold\">&#8211;<\/div>\n<div id=\"role\" class=\"role\" style=\"font-weight: bold\">&#8211;<\/div>\n<div id=\"mail\" class=\"mail\" style=\"font-weight: bold\">&#8211;<\/div>\n<div id=\"tel\" class=\"tel\" style=\"font-weight: bold\">&#8211;<\/div>\n<\/div>\n<\/div>\n<\/div>\n\n\n\n<div class=\"wp-block-column is-layout-flow wp-block-column-is-layout-flow\">\n<h4 class=\"wp-block-heading\">Ostaja<\/h4>\n\n\n\n<a href=\"https:\/\/ropsten.etherscan.io\/address\/0xdFa219eeE3A48216Aa7b8b79fE014e3e3AdF7D92\" target=\"_blank\" rel=\"noopener\">\n<b id=\"acctBuyer\" class=\"acctBuyer\" style=\"font-size:x-small\">&#8211;\n<\/b>\n<span class=\"glyphicon glyphicon-new-window\"><\/span>\n<\/a>\n\n<div class=\"mailBuyer\" style=\"font-weight: bold\">email: (vain luojalle julki)<\/div>\n<\/div>\n<\/div>\n\n\n\n<p>Kun ostajan tila on yh\u00e4 tilassa <strong>&#8217;-&#8217; <\/strong>oikealla, sopimus on yh\u00e4 markkinoilla auki eik\u00e4 kaivattua ostajaa ei l\u00f6ydy siihen Metamask -lompakollaan viel\u00e4.<\/p>\n\n\n\n<div style=\"height:58px\" aria-hidden=\"true\" class=\"wp-block-spacer\"><\/div>\n\n\n\n<blockquote class=\"wp-block-quote is-style-default\"><p><strong>Huom<\/strong>: <span class=\"has-inline-color has-vivid-red-color\">yh\u00e4 ostamaton<\/span> sopimus <em><span class=\"has-inline-color has-vivid-red-color\"><strong>voidaan aina peruuttaa<\/strong><\/span><\/em> luojansa taholta ja sen varat palauttaa takaisin lompakkoon. Painike t\u00e4h\u00e4n n\u00e4kyy sivun lopusta.<\/p><\/blockquote>\n\n\n\n<h4 class=\"wp-block-heading\">Kestoaika <img decoding=\"async\" loading=\"lazy\" width=\"100\" height=\"72\" class=\"wp-image-79146\" style=\"width: 100px;\" src=\"https:\/\/tere-tech.com\/balticfinns\/wp-content\/uploads\/2021\/09\/life-span.png\" alt=\"\"><\/h4>\n\n\n\n<p>T\u00e4m\u00e4n sopimuksen kestoaika sek\u00e4 alku- ja loppup\u00e4iv\u00e4m\u00e4\u00e4r\u00e4 ovat voimassa seuraavasti.<\/p>\n\n\n\n<div style=\"\">\n<b id=\"period\" class=\"period c-period\"><\/b>\n<\/div>\n\n\n\n<div class=\"wp-block-columns is-layout-flex wp-container-8 wp-block-columns-is-layout-flex\">\n<div class=\"wp-block-column is-layout-flow wp-block-column-is-layout-flow\">\n<h5 class=\"wp-block-heading\"><img decoding=\"async\" loading=\"lazy\" width=\"69\" height=\"39\" class=\"wp-image-79118\" style=\"width: 69px;\" src=\"https:\/\/tere-tech.com\/balticfinns\/wp-content\/uploads\/2021\/09\/sun.png\" alt=\"\">Alku<\/h5>\n\n\n\n<b id=\"now2\" class=\"now2 c-start-end\">&#8211;<\/b>\n<\/div>\n\n\n\n<div class=\"wp-block-column is-layout-flow wp-block-column-is-layout-flow\">\n<h5 class=\"wp-block-heading\"><img decoding=\"async\" loading=\"lazy\" width=\"40\" height=\"40\" class=\"wp-image-79116\" style=\"width: 40px;\" src=\"https:\/\/tere-tech.com\/balticfinns\/wp-content\/uploads\/2021\/09\/flash.png\" alt=\"\">Loppu<\/h5>\n\n\n\n<b id=\"endTime2\" class=\"endTime2 c-start-end\">&#8211;<\/b>\n<\/div>\n<\/div>\n\n\n\n<h5 class=\"wp-block-heading\">Jo kulutettu aika kestosta nyt<\/h5>\n\n\n\n<div style=\"background-color: greenyellow; width: 100%; height: 8px\">\n<div id=\"timeUsedBar\" class=\"timeUsedBar\" style=\"background-color: darkred; width: 50%; height: 6px\">_\n<\/div>\n<\/div>\n\n<script>\n  jQuery(\".timeUsedBar\").css(\"width\", \"0%\");\n<\/script>\n\n\n\n<div style=\"height:35px\" aria-hidden=\"true\" class=\"wp-block-spacer\"><\/div>\n\n\n\n<h3 class=\"wp-block-heading\">Koko sopimustilanne<\/h3>\n\n\n\n<p><img decoding=\"async\" loading=\"lazy\" width=\"40\" height=\"42\" class=\"wp-image-79119\" style=\"width: 40px;\" src=\"https:\/\/tere-tech.com\/balticfinns\/wp-content\/uploads\/2021\/09\/contract.png\" alt=\"\"> Sopimuksen <em>nykyinen tilanne<\/em> lohkoketjusta on t\u00e4n\u00e4\u00e4n sen elinkaaren mukaan katsoen t\u00e4llainen.<\/p>\n\n\n\n<div id=\"statusPic\" class=\"statusPic\">&#8212;<\/div>\n\n\n\n<p class=\"has-text-align-center status has-medium-font-size\" id=\"status\">-___-<\/p>\n\n\n\n<ul><li><strong>Myynti- ja ostohinta sopimukselle:<\/strong><\/li><li><b class=\"has-inline-color premium c-premium\">__<\/b> <strong>ETH<\/strong> =  <b class=\"has-inline-color euro_premium c-euro-premium\">__<\/b> <strong>\u20ac<\/strong><\/li><li><strong>Sitova myynti- \/ ostotarjous kodille:<\/strong><\/li><li><b class=\"has-inline-color bid c-bid\">__<\/b> <strong>\u20ac<\/strong><\/li><\/ul>\n\n\n\n<h3 class=\"wp-block-heading\">+ N\u00e4in voit tehd\u00e4<\/h3>\n\n\n\n<p>Seuraavia asioita voit viel\u00e4 vied\u00e4 suorittaa juuri t\u00e4lle sopimukselle <em>Metamask -lompakon nyt valitun tilin<\/em> avulla.<\/p>\n\n\n\n<div id=\"whatNextButts\" class=\"whatNextButts\" style=\"text-align: center\"><\/div>\n<div id=\"statusBusy\" class=\"statusBusy\" style=\"text-align: center\"><\/div>\n\n\n\n<div style=\"font-size: small; color: gray\">\nLompakon tili: \n<span id=\"activeAcct\" class=\".activeAcct\"><\/span>\n<\/div>\n\n\n\n<div style=\"height:41px\" aria-hidden=\"true\" class=\"wp-block-spacer\"><\/div>\n\n\n\n<p class=\"has-small-font-size\">Kun \/ jos vaihdat Metamask -tili\u00e4 <em>kannattaa t\u00e4m\u00e4 sopimussivu ladata &amp; p\u00e4ivitt\u00e4\u00e4 uudelleen<\/em> jolloin n\u00e4et aina oikeat viimeiset tiedot.<\/p>\n\n\n\n<\/div>\n<div id=\"menu21\" class=\"tab-pane fade\">\n\n\n\n<h2 class=\"wp-block-heading\">Home for sale<\/h2>\n\n\n\n<table class=\"topsTable\" style=\"color: navy\">\n<tbody> \n\n<tr>\n<td><\/td>\n<td><img decoding=\"async\" src=\"\/balticfinns\/wp-content\/plugins\/flat-prices\/icons\/ale_m2.png\" title=\"Size\" width=\"45px\" height=\"45px\"><\/td>\n<td><img decoding=\"async\" src=\"\/balticfinns\/wp-content\/plugins\/flat-prices\/icons\/ale_rooms.png\" title=\"Number of Rooms\" width=\"45px\" height=\"45px\"><\/td>\n\n<td><img decoding=\"async\" src=\"\/balticfinns\/wp-content\/plugins\/flat-prices\/icons\/ale_floor.png\" title=\"Floor\" width=\"45px\" height=\"45px\"><\/td>\n\n<td><img decoding=\"async\" src=\"\/balticfinns\/wp-content\/plugins\/flat-prices\/icons\/ale_years.png\" title=\"Built\/Repaired\" width=\"45px\" height=\"45px\"><\/td>\n\n<td>\n<img decoding=\"async\" src=\"\/balticfinns\/wp-content\/plugins\/flat-prices\/icons\/price2.png\" title=\"Price\" width=\"45px\" height=\"45px\">\n<b style=\"font-size: large; color: navy\"> \/ <\/b>\n<img decoding=\"async\" src=\"\/balticfinns\/wp-content\/plugins\/flat-prices\/icons\/ale_m2.png\" title=\"Size\" width=\"32px\" height=\"32px\">\n<\/td>\n\n<td><img decoding=\"async\" src=\"\/balticfinns\/wp-content\/plugins\/flat-prices\/icons\/price2.png\" title=\"Price\" width=\"45px\" height=\"45px\"><\/td>\n<\/tr>\n\n<tr class=\"topsTableRow\">\n\n<td style=\"border: 4px inset #b8f9d5\" class=\".topsTableCell\">\n\n<b id=\"address\" class=\"address\" style=\"color:navy\">&#8211;<\/b>\n<b class=\"topsSubsub\">, \n<span id=\"town_area\" class=\"topsSubsub town_area\">&#8211;<\/span>\n<\/b>\n\n<\/td>\n\n<td style=\"border: 4px inset #b8f9d5\" class=\".topsTableCell\"><span id=\"m2\" class=\"m2\">&#8211;<\/span> m2<\/td>\n<td style=\"border: 4px inset #b8f9d5\" class=\".topsTableCell\"><span id=\"rooms\" class=\"rooms\">&#8211;<\/span><\/td>\n\n<td style=\"border: 4px inset #b8f9d5\" class=\".topsTableCell\"><span id=\"floors\" class=\"floors\">&#8211;<\/span><\/td>\n\n<td style=\"border: 4px inset #b8f9d5\" class=\".topsTableCell\"><span id=\"built\" class=\"built\">&#8211;<\/span><\/td>\n\n<td style=\"border: 4px inset #b8f9d5\" class=\".topsTableCell\"><span id=\"perM2\" class=\"perM2\">&#8211;<\/span> \u20ac\/m2<\/td>\n<td style=\"border: 4px inset #b8f9d5\" class=\".topsTableCell\"><b><span id=\"price\" class=\"price\">&#8211;<\/span> \u20ac<\/b><\/td>\n\n<\/tr>\n\n<\/tbody>\n<\/table>\n\n\n\n<button data-target=\".viewOfAir\" class=\"btn btn-info btn-block btn-air-title\" data-toggle=\"collapse\">\nKodin talo &amp; sen naapurit\n<span class=\"glyphicon glyphicon-chevron-up\"><\/span>\n<span class=\"glyphicon glyphicon-chevron-down\"><\/span>\n<\/button>\n\n<div class=\"collapse viewOfAir\"> \n<\/div>\n<script>jQuery(\".btn-air-title\").html(getMsg(1083));<\/script>\n\n\n\n<div style=\"height:55px\" aria-hidden=\"true\" class=\"wp-block-spacer\"><\/div>\n\n\n\n<h2 class=\"wp-block-heading\"><img decoding=\"async\" loading=\"lazy\" width=\"40\" height=\"42\" class=\"wp-image-79119\" style=\"width: 40px;\" src=\"https:\/\/tere-tech.com\/balticfinns\/wp-content\/uploads\/2021\/09\/contract.png\" alt=\"\"> Sale&#8217;s smart contract<\/h2>\n\n\n\n<p>You can follow page&#8217;s ongoing deal from here and do next:<\/p>\n\n\n\n<ul><li><em>Manage own contract&#8217;s state yourself<\/em> as it goes ahead on market.<\/li><li><em>By opening page again check out if things<\/em> have changed with buyers lately.<\/li><\/ul>\n\n\n\n<p><span style=\"color:#007248\" class=\"has-inline-color\">You may like to <strong>mark this page as a bookmark<\/strong> in browser<\/span> so that it is most easy to come back and check it again.<\/p>\n\n\n\n<p>Next, you will find here: permanent address of deal in blockchain, its creator, and possible buyer of deal.<\/p>\n\n\n\n<div style=\"height:22px\" aria-hidden=\"true\" class=\"wp-block-spacer\"><\/div>\n\n\n\n<h3 class=\"wp-block-heading\">Smart contract on blockchain<\/h3>\n\n\n\n<p>By clicking contract&#8217;s address below just find out its all registered public events of blockchain.<\/p>\n\n\n\n<figure class=\"wp-block-image size-large\"><img decoding=\"async\" loading=\"lazy\" width=\"38\" height=\"37\" src=\"https:\/\/tere-tech.com\/balticfinns\/wp-content\/uploads\/2021\/09\/etherscan.png\" alt=\"\" class=\"wp-image-79468\"\/><\/figure>\n\n\n\n<b style=\"font-size: large\">\n<a href=\"https:\/\/ropsten.etherscan.io\/address\/0xdFa219eeE3A48216Aa7b8b79fE014e3e3AdF7D92\/0xdFa219eeE3A48216Aa7b8b79fE014e3e3AdF7D92\/\" target=\"_blank\" rel=\"noopener\">\n0xdFa219eeE3A48216Aa7b8b79fE014e3e3AdF7D92\n<\/a>\n<span class=\"glyphicon glyphicon-new-window\"><\/span>\n<\/b>\n\n\n\n<p>The contract has the following data about its creator and buyer now:<\/p>\n\n\n\n<div class=\"wp-block-columns is-layout-flex wp-container-13 wp-block-columns-is-layout-flex\">\n<div class=\"wp-block-column is-layout-flow wp-block-column-is-layout-flow\">\n<h4 class=\"wp-block-heading\">Creator<\/h4>\n\n\n\n<div class=\"wp-block-columns is-layout-flex wp-container-10 wp-block-columns-is-layout-flex\">\n<div class=\"wp-block-column is-layout-flow wp-block-column-is-layout-flow\">\n<a href=\"https:\/\/ropsten.etherscan.io\/address\/0xdFa219eeE3A48216Aa7b8b79fE014e3e3AdF7D92\" target=\"_blank\" rel=\"noopener\">\n<b id=\"acct\" class=\"acct\" style=\"font-size:x-small\">&#8211;\n<\/b>\n<span class=\"glyphicon glyphicon-new-window\"><\/span>\n<\/a>\n\n<div id=\"name\" class=\"name\" style=\"font-weight: bold\">&#8211;<\/div>\n<div id=\"role\" class=\"role\" style=\"font-weight: bold\">&#8211;<\/div>\n<div id=\"mail\" class=\"mail\" style=\"font-weight: bold\">&#8211;<\/div>\n<div id=\"tel\" class=\"tel\" style=\"font-weight: bold\">&#8211;<\/div>\n<\/div>\n<\/div>\n<\/div>\n\n\n\n<div class=\"wp-block-column is-layout-flow wp-block-column-is-layout-flow\">\n<h4 class=\"wp-block-heading\">Buyer<\/h4>\n\n\n\n<a href=\"https:\/\/ropsten.etherscan.io\/address\/0xdFa219eeE3A48216Aa7b8b79fE014e3e3AdF7D92\" target=\"_blank\" rel=\"noopener\">\n<b id=\"acctBuyer\" class=\"acctBuyer\" style=\"font-size:x-small\">&#8211;\n<\/b>\n<span class=\"glyphicon glyphicon-new-window\"><\/span>\n<\/a>\n\n<div class=\"mailBuyer\" style=\"font-weight: bold\">email: (only for creator)<\/div>\n<\/div>\n<\/div>\n\n\n\n<p>When buyer is still <strong>&#8217;-&#8217;<\/strong> state on right the deal is still open and no wallet has bought it yet.<\/p>\n\n\n\n<div style=\"height:58px\" aria-hidden=\"true\" class=\"wp-block-spacer\"><\/div>\n\n\n\n<blockquote class=\"wp-block-quote is-style-default\"><p><strong>NOTE<\/strong>: <span class=\"has-inline-color has-vivid-red-color\">open contract with no buyer can always be cancelled and refunded<\/span> to creator at any moment.<\/p><\/blockquote>\n\n\n\n<h4 class=\"wp-block-heading\">Life span <img decoding=\"async\" loading=\"lazy\" width=\"100\" height=\"72\" class=\"wp-image-79146\" style=\"width: 100px;\" src=\"https:\/\/tere-tech.com\/balticfinns\/wp-content\/uploads\/2021\/09\/life-span.png\" alt=\"\"><\/h4>\n\n\n\n<p>Fixed deal&#8217;s running period and its important dates are below here.<\/p>\n\n\n\n<div style=\"\">\n<b id=\"period\" class=\"period c-period\"><\/b>\n<\/div>\n\n\n\n<div class=\"wp-block-columns is-layout-flex wp-container-16 wp-block-columns-is-layout-flex\">\n<div class=\"wp-block-column is-layout-flow wp-block-column-is-layout-flow\">\n<h5 class=\"wp-block-heading\"><img decoding=\"async\" loading=\"lazy\" width=\"69\" height=\"39\" class=\"wp-image-79118\" style=\"width: 69px;\" src=\"https:\/\/tere-tech.com\/balticfinns\/wp-content\/uploads\/2021\/09\/sun.png\" alt=\"\">Start time<\/h5>\n\n\n\n<b id=\"now2\" class=\"now2 c-start-end\">&#8211;<\/b>\n<\/div>\n\n\n\n<div class=\"wp-block-column is-layout-flow wp-block-column-is-layout-flow\">\n<h5 class=\"wp-block-heading\"><img decoding=\"async\" loading=\"lazy\" width=\"40\" height=\"40\" class=\"wp-image-79116\" style=\"width: 40px;\" src=\"https:\/\/tere-tech.com\/balticfinns\/wp-content\/uploads\/2021\/09\/flash.png\" alt=\"\">End time<\/h5>\n\n\n\n<b id=\"endTime2\" class=\"endTime2 c-start-end\">Yh\u00e4 avoin<\/b>\n<\/div>\n<\/div>\n\n\n\n<h5 class=\"wp-block-heading\">Already spent time from life span today<\/h5>\n\n\n\n<div style=\"background-color: greenyellow; width: 100%; height: 8px\">\n<div id=\"timeUsedBar\" class=\"timeUsedBar\" style=\"background-color: darkred; width: 50%; height: 6px\">_\n<\/div>\n<\/div>\n\n<script>\n  jQuery(\".timeUsedBar\").css(\"width\", \"0%\");\n<\/script>\n\n\n\n<div style=\"height:35px\" aria-hidden=\"true\" class=\"wp-block-spacer\"><\/div>\n\n\n\n<h3 class=\"wp-block-heading\">Whole picture of situation<\/h3>\n\n\n\n<p><img decoding=\"async\" loading=\"lazy\" width=\"40\" height=\"42\" class=\"wp-image-79119\" style=\"width: 40px;\" src=\"https:\/\/tere-tech.com\/balticfinns\/wp-content\/uploads\/2021\/09\/contract.png\" alt=\"\"> Deal&#8217;s current state compared to its full possible life span.<\/p>\n\n\n\n<div id=\"statusPic\" class=\"statusPic\">&#8212;<\/div>\n\n\n\n<p class=\"has-text-align-center status has-medium-font-size\" id=\"status\">-___-<\/p>\n\n\n\n<ul><li><strong>Contract&#8217;s price:<\/strong><\/li><li><b class=\"has-inline-color premium c-premium\">__<\/b> <strong>ETH<\/strong> =  <b class=\"has-inline-color euro_premium c-euro-premium\">__<\/b> <strong>\u20ac<\/strong><\/li><li><strong>Asking \/ bidding price of home:<\/strong><\/li><li><b class=\"has-inline-color bid c-bid\">__<\/b> <strong>\u20ac<\/strong><\/li><\/ul>\n\n\n\n<h3 class=\"wp-block-heading\">+ What to do next <\/h3>\n\n\n\n<p>You can change the contract by the following button(s) when you wish by using your Metamask wallet and its current active account.<\/p>\n\n\n\n<div id=\"whatNextButts\" class=\"whatNextButts\" style=\"text-align: center\"><\/div>\n<div id=\"statusBusy\" class=\"statusBusy\" style=\"text-align: center\"><\/div>\n\n\n\n<div style=\"font-size: small; color: gray\">\nActive account: \n<span id=\"activeAcct\" class=\".activeAcct\"><\/span>\n<\/div>\n\n\n\n<div style=\"height:41px\" aria-hidden=\"true\" class=\"wp-block-spacer\"><\/div>\n\n\n\n<p class=\"has-small-font-size\">If \/ when you change Metamask account just remember to refresh this page in browser to see that account&#8217;s choices here.<\/p>\n\n\n\n<\/div>\n<\/div>\n\n\n\n<script>\nfunction tabsLang() {\n    if (HBlang === 'fi') {\n      jQuery('#top-tables a:last').tab('show');\n    }\n}\n  tabsLang();\n<\/script>\n<div><div id=\"dynamicLibs\"><\/div>\n\n<script>\n    function injectLib(path) {\n        const randNro = 1 + Math.floor(Math.random() * 10000);\n        const lib = '<script src=\"' + path + '?v=' + randNro + '\"><\/' + 'script>';\n        return lib;\n        \/\/ jQuery('#dynamicLibs').append(lib + \"n\");\n    }\n    const libs = \n        injectLib('\/balticfinns\/wp-content\/plugins\/flat-prices\/contracts\/BN.min.js') +\n        injectLib('\/balticfinns\/wp-content\/plugins\/flat-prices\/contracts\/web3.min.js') +\n        injectLib('\/balticfinns\/wp-content\/plugins\/flat-prices\/contracts\/messages.js') +\n        injectLib('\/balticfinns\/wp-content\/plugins\/flat-prices\/contracts\/XadminX\/metamask.js') +\n        injectLib('\/balticfinns\/wp-content\/plugins\/flat-prices\/contracts\/XadminX\/helpers.js');\n    jQuery('#dynamicLibs').html(libs);\n<\/script>\n\n\n\n<link rel=\"stylesheet\" href=\"https:\/\/cdnjs.cloudflare.com\/ajax\/libs\/font-awesome\/4.7.0\/css\/font-awesome.min.css\">\n\n<script> myContract = \"0xdFa219eeE3A48216Aa7b8b79fE014e3e3AdF7D92\"; cleanBS(); getStatesForTables(\"test\", myContract); <\/script>\n<\/div>","protected":false},"excerpt":{"rendered":"<p>UK FI Tiedot myyntikodista \/ &#8211; , &#8211; &#8211; m2 &#8211; &#8211; &#8211; &#8211; \u20ac\/m2 &#8211; \u20ac Home&#8217;s house &amp; its neighborhoods Myyntisopimus Myyntisopimuksen t\u00e4lt\u00e4 sivulta: Hallinnoit sopimuksen tilaa itse suoraan sen edetess\u00e4. Avaamalla sivun uudelleen n\u00e4et aina onko tilanne muuttunut ostajien kanssa. Sivu kannattaa tallentaa kirjanmerkiksi selaimeen ja nimet\u00e4 sopivasta jolloin siihen palaaminen on &#8230; <a title=\"Smart contract for home  0xdFa2&#8230;D92\" class=\"read-more\" href=\"https:\/\/tere-tech.eu\/balticfinns\/index.php\/smart-contract-for-home-0xdfa2-d92\/\" aria-label=\"Lue lis\u00e4\u00e4 aiheesta Smart contract for home  0xdFa2&#8230;D92\">Lue lis\u00e4\u00e4<\/a><\/p>\n","protected":false},"author":1,"featured_media":0,"parent":0,"menu_order":0,"comment_status":"closed","ping_status":"closed","template":"","meta":{"_monsterinsights_skip_tracking":false,"_monsterinsights_sitenote_active":false,"_monsterinsights_sitenote_note":"","_monsterinsights_sitenote_category":0,"footnotes":""},"_links":{"self":[{"href":"https:\/\/tere-tech.eu\/balticfinns\/index.php\/wp-json\/wp\/v2\/pages\/79829"}],"collection":[{"href":"https:\/\/tere-tech.eu\/balticfinns\/index.php\/wp-json\/wp\/v2\/pages"}],"about":[{"href":"https:\/\/tere-tech.eu\/balticfinns\/index.php\/wp-json\/wp\/v2\/types\/page"}],"author":[{"embeddable":true,"href":"https:\/\/tere-tech.eu\/balticfinns\/index.php\/wp-json\/wp\/v2\/users\/1"}],"replies":[{"embeddable":true,"href":"https:\/\/tere-tech.eu\/balticfinns\/index.php\/wp-json\/wp\/v2\/comments?post=79829"}],"version-history":[{"count":0,"href":"https:\/\/tere-tech.eu\/balticfinns\/index.php\/wp-json\/wp\/v2\/pages\/79829\/revisions"}],"wp:attachment":[{"href":"https:\/\/tere-tech.eu\/balticfinns\/index.php\/wp-json\/wp\/v2\/media?parent=79829"}],"curies":[{"name":"wp","href":"https:\/\/api.w.org\/{rel}","templated":true}]}}