{"id":80489,"date":"2021-11-18T12:24:47","date_gmt":"2021-11-18T10:24:47","guid":{"rendered":"https:\/\/tere-tech.eu\/balticfinns\/?page_id=80489"},"modified":"2023-09-25T07:39:28","modified_gmt":"2023-09-25T04:39:28","slug":"deals-types-sopimustyypit","status":"publish","type":"page","link":"https:\/\/tere-tech.eu\/balticfinns\/index.php\/deals-types-sopimustyypit\/","title":{"rendered":"&#8212; Deal&#8217;s types | sopimustyypit"},"content":{"rendered":"\n<script>\njQuery(\"#portButt\").attr(\"title\", getMsg(1084))\n<\/script>\n\n\n<div class=\"wp-block-image for-sale-pict\">\n<figure class=\"aligncenter size-large is-resized\"><img decoding=\"async\" loading=\"lazy\" src=\"https:\/\/tere-tech.com\/balticfinns\/wp-content\/uploads\/2021\/09\/for-sale-1.jpg\" alt=\"\" class=\"wp-image-79791\" style=\"width:256px;height:192px\" width=\"256\" height=\"192\" srcset=\"https:\/\/tere-tech.eu\/balticfinns\/wp-content\/uploads\/2021\/09\/for-sale-1.jpg 400w, https:\/\/tere-tech.eu\/balticfinns\/wp-content\/uploads\/2021\/09\/for-sale-1-300x225.jpg 300w\" sizes=\"(max-width: 256px) 100vw, 256px\" \/><\/figure><\/div>\n\n\n<ul class=\"nav nav-tabs\" id=\"top-tables\">\n<li>\n<a href=\"#menu21\" data-toggle=\"tab\">\n<img decoding=\"async\" src=\"\/balticfinns\/wp-content\/uploads\/2021\/09\/flag_uk.png\" alt=\"In english\"> UK<\/a>\n<\/li>\n<li class=\"active\">\n<a href=\"#home2\" data-toggle=\"tab\">\n<img decoding=\"async\" src=\"\/balticfinns\/wp-content\/uploads\/2021\/09\/flag_finland.png\" alt=\"Suomeksi\"> FI<\/a>\n<\/li>\n<\/ul>\n<div class=\"tab-content\">\n<div id=\"home2\" class=\"tab-pane fade in active\">\n\n\n\n<h1 class=\"wp-block-heading\">Kaksi eri sopimusta eri tilanteisiin<\/h1>\n\n\n\n<p>Valittavana ovat seuraavat \u00e4lysopimukset lohkoketjussa, joiden kautta sek\u00e4 kodin ostaja ett\u00e4 myyj\u00e4 sitoutuvat kiinteist\u00f6kauppaan yhteisesti.<\/p>\n\n\n\n<div style=\"height:21px\" aria-hidden=\"true\" class=\"wp-block-spacer\"><\/div>\n\n\n\n<h2 class=\"wp-block-heading\"><img decoding=\"async\" loading=\"lazy\" width=\"40\" height=\"42\" class=\"wp-image-79119\" style=\"width: 40px;\" src=\"https:\/\/tere-tech.com\/balticfinns\/wp-content\/uploads\/2021\/09\/contract.png\" alt=\"\"> Myyntikodin yksityisn\u00e4ytt\u00f6 ainoastaan<\/h2>\n\n\n\n<figure class=\"wp-block-image size-full\"><img decoding=\"async\" loading=\"lazy\" width=\"300\" height=\"215\" src=\"https:\/\/tere-tech.eu\/balticfinns\/wp-content\/uploads\/2021\/11\/private_showing.png\" alt=\"\" class=\"wp-image-80587\"\/><\/figure>\n\n\n\n<p class=\"has-pale-cyan-blue-background-color has-background has-medium-font-size\"><strong><em>Pelk\u00e4ss\u00e4 kodin yksityisn\u00e4yt\u00f6ss\u00e4<\/em><\/strong> kodin myyj\u00e4 suostuu siihen, ett\u00e4 <em><strong>ostajalla on varma mahdollisuus tutustua kiinteist\u00f6\u00f6n paikan p\u00e4\u00e4ll\u00e4<\/strong><\/em> ennen lunastetun \u00e4lysopimuksen loppumisen p\u00e4iv\u00e4m\u00e4\u00e4r\u00e4\u00e4 ja hetke\u00e4. <em>T\u00e4m\u00e4 \u00e4lysopimus sopii parhaiten tilanteisiin, joissa kodin myyj\u00e4 uskoo ennen jo sidotun \u00e4lysopimuksen p\u00e4\u00e4ttymist\u00e4 saavansa paremman tarjouksen &amp; hinnan ehk\u00e4 toisaalta.<\/em><\/p>\n\n\n\n<p>Ostajalla on my\u00f6s oikeus olettaa, ett\u00e4 kodista sen myynnist\u00e4  lohkoketjuun tallennetut perustiedot (ts m2-koko, kerros, jne) vastaavat n\u00e4yt\u00f6ss\u00e4 esitelt\u00e4v\u00e4\u00e4 asuntoa t\u00e4sm\u00e4llisesti &amp; tarkasti.<\/p>\n\n\n\n<h3 class=\"wp-block-heading\">\ud83c\udfe1 L\u00f6yd\u00e4 &amp; varmista oma unelmakoti ennen muita! \ud83c\udf1f<\/h3>\n\n\n\n<p>Oletko taitava ostaja, joka etsii t\u00e4ydellist\u00e4 kotia? Innovatiivisella \u00e4lysopimuksillamme m\u00e4\u00e4rittelemme kokonaan uudelleen tapasi tutustua ja ostaa kotia.<\/p>\n\n\n\n<p>\ud83d\udd12 Varmista oma yksityisn\u00e4ytt\u00f6 jo t\u00e4n\u00e4\u00e4n!<\/p>\n\n\n\n<p>\ud83c\udfe0 <strong>Yksityisn\u00e4ytt\u00f6<\/strong>: T\u00e4ss\u00e4 on kultainen mahdolisuutesi varmistaa koti ennen kuin \u00e4lysopimus umpeutuu. Seuraavat mahdollisuudet avautuvat heti:<\/p>\n\n\n\n<p>\u2728 <strong>Voita tarjouskilpailu<\/strong>: Kun muut viel\u00e4 yh\u00e4 pohtivat, astut jo ensimm\u00e4isen\u00e4 mahdolliseen unelmakotiisi. Et menet\u00e4 mahdollisuutta paikallisille en\u00e4\u00e4.<\/p>\n\n\n\n<p>\ud83d\udcb0 <strong>Maksimoi hyv\u00e4 neuvottelutilanne<\/strong>: Myyj\u00e4t voivat etsi\u00e4 yh\u00e4 parempaa tarjousta. Yksityisesityksen avulla voit tehd\u00e4 muuton ennen kuin kilpailu edes alkaa.<\/p>\n\n\n\n<p>\u23f3 <strong>Hallitse aikataulua<\/strong>: \u00c4l\u00e4 anna kellon sanella p\u00e4\u00e4t\u00f6ksi\u00e4. Yksityisn\u00e4ytt\u00f6 tarkoittaa, ett\u00e4 m\u00e4\u00e4rit\u00e4t tahdin ja varmistat, ett\u00e4 sinulla on kaikki tarvittava aika tehd\u00e4 tietoinen valinta.<\/p>\n\n\n\n<p>\ud83e\udd1d <strong>Rakenna luottamusta<\/strong>: Myyj\u00e4t arvostavat m\u00e4\u00e4r\u00e4tietoisia ostajia. Kiinnostuksen osoittaminen yksityisell\u00e4 vierailulla vahvistaa asemaasi neuvotteluissa.<\/p>\n\n\n\n<p class=\"has-small-font-size\">Myyj\u00e4 voi muuttaa pyynt\u00f6hintaa ja muitakin n\u00e4yvi\u00e4 ehtoja \u00e4lysopimuksen tekohetken ja varsinaisen ykistyisn\u00e4yt\u00f6n toteutumisen v\u00e4lill\u00e4 eik\u00e4 kotiselaimessa kerrottu hinta ole aina lopullinen.<\/p>\n\n\n\n<blockquote class=\"wp-block-quote\">\n<p>\u00c4lysopimus suo vapauden hinnoittelun muutoksiin myyj\u00e4lle ennen yksityist\u00e4 n\u00e4ytt\u00f6\u00e4.<\/p>\n<\/blockquote>\n\n\n\n<div style=\"height:22px\" aria-hidden=\"true\" class=\"wp-block-spacer\"><\/div>\n\n\n\n<h2 class=\"wp-block-heading\">Kodin yksityisn\u00e4ytt\u00f6 + muut j\u00e4\u00e4dytetyt ehdot<\/h2>\n\n\n\n<figure class=\"wp-block-image size-full\"><img decoding=\"async\" loading=\"lazy\" width=\"300\" height=\"215\" src=\"https:\/\/tere-tech.eu\/balticfinns\/wp-content\/uploads\/2021\/11\/fixed_terms.png\" alt=\"\" class=\"wp-image-80586\"\/><\/figure>\n\n\n\n<p class=\"has-pale-cyan-blue-background-color has-background has-medium-font-size\"><strong><em>T\u00e4ss\u00e4 laajemmassa \u00e4lysopimuksessa<\/em><\/strong> kodin myyj\u00e4 tarjoaa ostajalla palveluna sek\u00e4 <strong><em>yksityisn\u00e4yt\u00f6n asuntoon ett\u00e4 kiinte\u00e4t j\u00e4\u00e4dytetyt kauppaehdot<\/em> <\/strong>ennen lunastetun \u00e4lysopimuksen loppumisen kerrottua p\u00e4iv\u00e4m\u00e4\u00e4r\u00e4\u00e4. <em>T\u00e4ss\u00e4 on se paras ratkaisu &amp; \u00e4lysopimus juuri silloin kun kodin ostaja haluaa ehdottomasti, ett\u00e4 kaikki on kunnossa tarkalleen sill\u00e4 hetkell\u00e4 kun kodin esittely voi fyysisesti tapahtua yhdess\u00e4 myyj\u00e4n kanssa.<\/em><\/p>\n\n\n\n<p>\ud83c\udfe1 Yksityisn\u00e4ytt\u00f6 takaa mielenrauhan \ud83c\udf1f<\/p>\n\n\n\n<p>Sanot hyv\u00e4stit ep\u00e4varmuudelle ja otat haltuun t\u00e4ydellisen kauppatilanteen kehityksen.<\/p>\n\n\n\n<p>\ud83d\ude80 <strong>Yksityisn\u00e4ytt\u00f6 + sidotut kauppaehdot<\/strong>: T\u00e4ydellinen ratkaisu<\/p>\n\n\n\n<p>\u2728 <strong>J\u00e4\u00e4dytetyt myyntiehdot<\/strong>: Kuvittele lukitsevasi kaikki t\u00e4rke\u00e4t tiedot &#8211; hinta, ehdot (vapautuminen, vuokralaisen irtisanominen, jne) &#8211; varmistaen, ett\u00e4 kaikki ennalta luvattu on mit\u00e4 lopulta saat. Ei en\u00e4\u00e4 yll\u00e4tyksi\u00e4, eik\u00e4 viime hetken muutoksia.<\/p>\n\n\n\n<p>\ud83d\udca1 <strong>Miksi t\u00e4m\u00e4 ratkaisu on se paras<\/strong>:<\/p>\n\n\n\n<p>\u2705 <strong>T\u00e4ydellinen l\u00e4pin\u00e4kyvyys<\/strong>: Myyj\u00e4t voivat tarjota yksityisn\u00e4ytt\u00f6\u00e4 ja taata, ett\u00e4 kaikki siin\u00e4 luvattu s\u00e4ilyy ennallaan. T\u00e4m\u00e4 on sitoutumista rehellisyyteen ostajalle kiinteist\u00f6alan maailmassa.<\/p>\n\n\n\n<p>\ud83d\udd10 <strong>Varmista unelmiesi koti<\/strong>: Kun muut ostajat j\u00e4\u00e4v\u00e4t yh\u00e4 arvailemaan, sinulla on mielenrauha, kun tied\u00e4t, ett\u00e4 t\u00e4ydellinen kotisi on lukittu ja varattu juuri sinulle.<\/p>\n\n\n\n<p>\ud83d\udcaa <strong>Virtaviivaiset neuvottelut:<\/strong> J\u00e4\u00e5dytetyt kauppaehdot viev\u00e4t molemmilta v\u00e4hemm\u00e4n aikaa, joka usein kuluu yksityiskohdista tinkimiseen, joten voit keskitty\u00e4 uuteen kotiin muuttamiseen ja sen j\u00e4rjestelyyn.<\/p>\n\n\n\n<p>\ud83e\udd1d <strong>Luottamuksen rakentaminen<\/strong>: Tarjoamalla sek\u00e4 yksityisn\u00e4ytt\u00f6\u00e4 ett\u00e4 j\u00e4\u00e4dytettyj\u00e4 myyntiehtoja myyj\u00e4t osoittavat olevansa tosissaan oikean ostajan l\u00f6yt\u00e4misess\u00e4 haluten sujuvan ja l\u00e4pin\u00e4kyv\u00e4n kaupan itselleen.<\/p>\n\n\n\n<p class=\"has-small-font-size\"><strong>HUOM<\/strong>: N\u00e4it\u00e4 muita esittelyst\u00e4 tulevaisuuteen kerrottuja kauppaehtoja <em><strong>ei kirjata<\/strong> \u00e4lysopimukseen <strong>lohkoketjussa<\/strong> pysyv\u00e4sti<\/em>. Joten, esittelyn menness\u00e4 hyvin ja p\u00e4\u00e4dytt\u00e4ess\u00e4 asuntokauppaan on ostajan syyt\u00e4 varmistaa kauppakirjassa viel\u00e4 erikseen kirjallisesti n\u00e4iden lis\u00e4ehtojen olemassa olo myyj\u00e4n kanssa.<\/p>\n\n\n\n<blockquote class=\"wp-block-quote\">\n<p>\u00c4lysopimus takaa kiinte\u00e4n hinnan + kaikki muut julkisesti kerrotut kauppaehdot ostajalle.<\/p>\n<\/blockquote>\n\n\n\n<h2 class=\"wp-block-heading\">\u00c4lysopimukset k\u00e4ytt\u00f6\u00f6n<\/h2>\n\n\n\n<ul>\n<li class=\"has-medium-font-size\"><a href=\"https:\/\/tere-tech.eu\/balticfinns\/index.php\/vertailu-eri-tilaajille-kotiselaimeen\/alysopimukset-lohkoketjussa-smart-contracts-on-blockchain\/user-guide-of-smart-contracts-1-2\/\">Oman MetaMask -lompakon avaus selaimelle<\/a><\/li>\n<\/ul>\n\n\n\n<\/div>\n<div id=\"menu21\" class=\"tab-pane fade\">\n\n\n\n<h2 class=\"wp-block-heading\">Two different services &amp; purposes with contracts<\/h2>\n\n\n\n<p>You can select from two different size of services when you create and define new smart contracts.<\/p>\n\n\n\n<h3 class=\"wp-block-heading\">Private showing only<\/h3>\n\n\n\n<figure class=\"wp-block-image size-full\"><img decoding=\"async\" loading=\"lazy\" width=\"300\" height=\"215\" src=\"https:\/\/tere-tech.eu\/balticfinns\/wp-content\/uploads\/2021\/11\/private_showing.png\" alt=\"\" class=\"wp-image-80587\"\/><\/figure>\n\n\n\n<p class=\"has-pale-cyan-blue-background-color has-background has-medium-font-size\"><strong>Private showing &#8217;only&#8217;<\/strong> means that the seller agrees that the buyer has the opportunity to visit see the home before its deadline happens by a smart contract. <em>This suits best for situations when the home seller still thinks they can find even better price<\/em> from somebody else before the smart contract expires.<\/p>\n\n\n\n<p>The buyer can expect that this selected home has all the basic features in place that were advertised at the moment when the smart contract originally started to run (e.g., size in square meters, floor of the home, &#8230;). However, seller&#8217;s asking price and other terms of sale may change freely between the activation of smart contract and the private showing of home.<\/p>\n\n\n\n<h3 class=\"wp-block-heading\">\ud83c\udfe1 Discover Your Dream Home Before Anyone Else! \ud83c\udf1f<\/h3>\n\n\n\n<p>Are you a savvy homebuyer looking for that perfect property? With our innovative smart contract technology, we&#8217;re redefining the way you experience real estate.<\/p>\n\n\n\n<p><strong>The benefits of a private showing<\/strong> enabled by a smart contract:<\/p>\n\n\n\n<p>\u2728 <strong>Get Ahead of the Curve<\/strong>: While others are left in the dark, you&#8217;ll be the first to step inside your potential dream home. No missed opportunities.<\/p>\n\n\n\n<p>\ud83d\udcb0 <strong>Maximize Your Bargaining Power<\/strong>: Other sellers might still be fishing for a better offer. With a private showing, you can make your move before the competition even starts.<\/p>\n\n\n\n<p>\u23f3 <strong>Take Control of Time<\/strong>: Don&#8217;t let the clock dictate your decisions. A private showing means you set the pace, ensuring you have all the time you need to make an informed choice.<\/p>\n\n\n\n<p>\ud83e\udd1d <strong>Build Trust<\/strong>: Sellers appreciate proactive buyers. Showing your interest with a private visit can strengthen your position in negotiations.<\/p>\n\n\n\n<blockquote class=\"wp-block-quote\">\n<p>The contract lefts freedom to update the asking price freely for seller.<\/p>\n<\/blockquote>\n\n\n\n<h3 class=\"wp-block-heading\">Private showing + all fixed terms of sale<\/h3>\n\n\n\n<figure class=\"wp-block-image size-full\"><img decoding=\"async\" loading=\"lazy\" width=\"300\" height=\"215\" src=\"https:\/\/tere-tech.eu\/balticfinns\/wp-content\/uploads\/2021\/11\/fixed_terms.png\" alt=\"\" class=\"wp-image-80586\"\/><\/figure>\n\n\n\n<p class=\"has-pale-cyan-blue-background-color has-background has-medium-font-size\"><strong><em>This bigger contract&#8217;s service<\/em><\/strong> is for the seller who wish to offer <em><strong>private showing + all frozen terms of sale<\/strong> <\/em>together to the buyer until the deadline of smart contract takes its place. <em>This contract is the best solution when the buyer wants to ensure everything is as perfect as promised during the home&#8217;s private showing.<\/em><\/p>\n\n\n\n<p>The seller promises to make binding deal with the buyer together so that asking price is fixed at the moment of sale of contract. This is meaning directly that closing of sale may happen at that price when the buyer wishes to do so.<\/p>\n\n\n\n<h3 class=\"wp-block-heading\">\ud83d\udca1 <strong>Why This Contract is Your Best Choice<\/strong><\/h3>\n\n\n\n<p>\u2705 <strong>Total Transparency<\/strong>: Sellers can confidently offer private showings and guarantee that everything promised during the showing remains intact. It&#8217;s a commitment to honesty and integrity in the real estate world.<\/p>\n\n\n\n<p>\ud83d\udd10 <strong>Secure Your Dream Home<\/strong>: While other buyers may be left guessing, you&#8217;ll have peace of mind, knowing that your perfect home is locked in and reserved for you.<\/p>\n\n\n\n<p>\ud83d\udcaa <strong>Streamlined Negotiations<\/strong>: Frozen terms mean less time spent haggling over details, so you can focus on making the move to your new home.<\/p>\n\n\n\n<p>\ud83e\udd1d <strong>Building Trust<\/strong>: By offering both private showings and frozen terms of sale, sellers show they are serious about finding the right buyer and ensuring a smooth, transparent transaction.<\/p>\n\n\n\n<p class=\"has-small-font-size\"><strong>NOTE<\/strong>: These other conditions are <strong>not <\/strong>stored permanently in smart contract on blockchain. In order to avoid any near term issues with the seller when private showing goes well and closing is ahead: it is highly recommended that the buyer asks all these mentioned additional terms to be written into the title deed carefully.<\/p>\n\n\n\n<blockquote class=\"wp-block-quote\">\n<p>This contract guarantees fixed price for a meeting + all other told public terms of deal from home&#8217;s original ad.<\/p>\n<\/blockquote>\n\n\n\n<h2 class=\"wp-block-heading\">Using smart contracts<\/h2>\n\n\n\n<ul>\n<li class=\"has-medium-font-size\"><a href=\"https:\/\/tere-tech.eu\/balticfinns\/index.php\/vertailu-eri-tilaajille-kotiselaimeen\/alysopimukset-lohkoketjussa-smart-contracts-on-blockchain\/user-guide-of-smart-contracts-1-2\/\">Set up your MetaMask wallet in browser next<\/a><\/li>\n<\/ul>\n\n\n\n<\/div>\n<\/div>\n\n\n\n<script>\njQuery('#top-tables a:first').tab('show');\nif (HBlang === 'fi') {\n  jQuery('#top-tables a:last').tab('show');\n}\n<\/script>\n","protected":false},"excerpt":{"rendered":"<p>UK FI Kaksi eri sopimusta eri tilanteisiin Valittavana ovat seuraavat \u00e4lysopimukset lohkoketjussa, joiden kautta sek\u00e4 kodin ostaja ett\u00e4 myyj\u00e4 sitoutuvat kiinteist\u00f6kauppaan yhteisesti. Myyntikodin yksityisn\u00e4ytt\u00f6 ainoastaan Pelk\u00e4ss\u00e4 kodin yksityisn\u00e4yt\u00f6ss\u00e4 kodin myyj\u00e4 suostuu siihen, ett\u00e4 ostajalla on varma mahdollisuus tutustua kiinteist\u00f6\u00f6n paikan p\u00e4\u00e4ll\u00e4 ennen lunastetun \u00e4lysopimuksen loppumisen p\u00e4iv\u00e4m\u00e4\u00e4r\u00e4\u00e4 ja hetke\u00e4. T\u00e4m\u00e4 \u00e4lysopimus sopii parhaiten tilanteisiin, joissa kodin &#8230; <a title=\"&#8212; Deal&#8217;s types | sopimustyypit\" class=\"read-more\" href=\"https:\/\/tere-tech.eu\/balticfinns\/index.php\/deals-types-sopimustyypit\/\" aria-label=\"Lue lis\u00e4\u00e4 aiheesta &#8212; Deal&#8217;s types | sopimustyypit\">Lue lis\u00e4\u00e4<\/a><\/p>\n","protected":false},"author":1,"featured_media":0,"parent":0,"menu_order":0,"comment_status":"closed","ping_status":"closed","template":"","meta":{"_monsterinsights_skip_tracking":false,"_monsterinsights_sitenote_active":false,"_monsterinsights_sitenote_note":"","_monsterinsights_sitenote_category":0,"footnotes":""},"_links":{"self":[{"href":"https:\/\/tere-tech.eu\/balticfinns\/index.php\/wp-json\/wp\/v2\/pages\/80489"}],"collection":[{"href":"https:\/\/tere-tech.eu\/balticfinns\/index.php\/wp-json\/wp\/v2\/pages"}],"about":[{"href":"https:\/\/tere-tech.eu\/balticfinns\/index.php\/wp-json\/wp\/v2\/types\/page"}],"author":[{"embeddable":true,"href":"https:\/\/tere-tech.eu\/balticfinns\/index.php\/wp-json\/wp\/v2\/users\/1"}],"replies":[{"embeddable":true,"href":"https:\/\/tere-tech.eu\/balticfinns\/index.php\/wp-json\/wp\/v2\/comments?post=80489"}],"version-history":[{"count":52,"href":"https:\/\/tere-tech.eu\/balticfinns\/index.php\/wp-json\/wp\/v2\/pages\/80489\/revisions"}],"predecessor-version":[{"id":86806,"href":"https:\/\/tere-tech.eu\/balticfinns\/index.php\/wp-json\/wp\/v2\/pages\/80489\/revisions\/86806"}],"wp:attachment":[{"href":"https:\/\/tere-tech.eu\/balticfinns\/index.php\/wp-json\/wp\/v2\/media?parent=80489"}],"curies":[{"name":"wp","href":"https:\/\/api.w.org\/{rel}","templated":true}]}}