{"id":80762,"date":"2021-11-28T12:48:20","date_gmt":"2021-11-28T10:48:20","guid":{"rendered":"https:\/\/tere-tech.eu\/balticfinns\/?page_id=80762"},"modified":"2021-11-28T12:48:23","modified_gmt":"2021-11-28T10:48:23","slug":"active-smart-contracts-alysopimuksia-markkinoilla","status":"publish","type":"page","link":"https:\/\/tere-tech.eu\/balticfinns\/index.php\/active-smart-contracts-alysopimuksia-markkinoilla\/","title":{"rendered":"Active smart contracts | \u00e4lysopimuksia markkinoilla"},"content":{"rendered":"\n<p class=\"has-drop-cap has-medium-font-size\"><img decoding=\"async\" loading=\"lazy\" width=\"40\" height=\"64\" class=\"wp-image-79747\" style=\"width: 40px;\" src=\"https:\/\/tere-tech.eu\/balticfinns\/wp-content\/uploads\/2021\/09\/ethereum.png\" alt=\"\"> T\u00e4ss\u00e4 on listattu muutamia erilaisia kotien aktiivisia \u00e4lysopimuksia Tallinnasta, joihin voit tarkemmin tutustus avaamalla niit\u00e4 omista linkeist\u00e4\u00e4n myyntikohteiden sarakkeesta.<\/p>\n\n\n\n<figure class=\"wp-block-table alignfull\"><table><thead><tr><th class=\"has-text-align-left\" data-align=\"left\">Myyntikohde<\/th><th class=\"has-text-align-center\" data-align=\"center\">Sopimushinta<\/th><th class=\"has-text-align-center\" data-align=\"center\">Pyynt\u00f6 asunnosta<\/th><th class=\"has-text-align-center\" data-align=\"center\">P\u00e4\u00e4ttymishetki<\/th><\/tr><\/thead><tbody><tr><td class=\"has-text-align-left\" data-align=\"left\"><strong><a href=\"https:\/\/tere-tech.eu\/balticfinns\/index.php\/smart-contract-for-home-testnet-0xb453-795\/\" target=\"_blank\" rel=\"noreferrer noopener\">Uus 24, Kesklinn, 62,3 m2, 2 h.<\/a><\/strong><\/td><td class=\"has-text-align-center\" data-align=\"center\">0.0029 ETH<\/td><td class=\"has-text-align-center\" data-align=\"center\">100 000 \u20ac<\/td><td class=\"has-text-align-center\" data-align=\"center\">2021-12-06, 12:03<\/td><\/tr><tr><td class=\"has-text-align-left\" data-align=\"left\"><strong><a href=\"https:\/\/tere-tech.eu\/balticfinns\/index.php\/smart-contract-for-home-testnet-0x0db1-181\/\" target=\"_blank\" rel=\"noreferrer noopener\">Gonsiori 5, Kesklinn, 57 m2, 2 h.<\/a><\/strong><\/td><td class=\"has-text-align-center\" data-align=\"center\">0.0110 ETH<\/td><td class=\"has-text-align-center\" data-align=\"center\">180 000 \u20ac<\/td><td class=\"has-text-align-center\" data-align=\"center\">2022-01-25, 19:48<\/td><\/tr><tr><td class=\"has-text-align-left\" data-align=\"left\"><\/td><td class=\"has-text-align-center\" data-align=\"center\"><\/td><td class=\"has-text-align-center\" data-align=\"center\"><\/td><td class=\"has-text-align-center\" data-align=\"center\"><\/td><\/tr><\/tbody><\/table><figcaption>Avoimia \u00e4lysopimuksia Ethereum -lohkoketjusta kodeille niiden myynneiss\u00e4<\/figcaption><\/figure>\n\n\n\n<p>Kaikki n\u00e4m\u00e4 sopimukset taulukosta ovat aivan toimivia, mutta siis <em>ainoastaan Ropsten :n testiverkossa<\/em>. Niill\u00e4 ei k\u00e4yd\u00e4 todellista asuntokauppaa.<\/p>\n\n\n\n<blockquote class=\"wp-block-quote\"><p>Asentamalla MetaMask :n lompakon selaimelle (ts Chrome \/ Firefox -laajennukset) ja rekister\u00f6itym\u00e4ll\u00e4 kotiselaimen k\u00e4ytt\u00e4j\u00e4ksi sinulla on heti mahdollisuus testata ja lunastaa n\u00e4it\u00e4 sopimuksia omaan kryptolompakkoon.<\/p><\/blockquote>\n\n\n\n<p class=\"has-medium-font-size\"><img decoding=\"async\" loading=\"lazy\" width=\"40\" height=\"42\" class=\"wp-image-79119\" style=\"width: 40px;\" src=\"https:\/\/tere-tech.eu\/balticfinns\/wp-content\/uploads\/2021\/09\/contract.png\" alt=\"\"> N\u00e4m\u00e4 <em><strong>\u00e4lysopimukset <span class=\"has-inline-color has-ast-global-color-0-color\">eiv\u00e4t johda myyntikotien esittelyihin<\/span><\/strong> \/ oikeille kaupoille! <\/em>N\u00e4m\u00e4 ovat muutamia luotuja myyntitapauksia vain jotta paremmin voit ymm\u00e4rt\u00e4\u00e4 &amp; varmistaa \u00e4lysopimusten toimintaa ihan k\u00e4yt\u00e4nn\u00f6ss\u00e4 kryptolompakon kanssa.<\/p>\n","protected":false},"excerpt":{"rendered":"<p>T\u00e4ss\u00e4 on listattu muutamia erilaisia kotien aktiivisia \u00e4lysopimuksia Tallinnasta, joihin voit tarkemmin tutustus avaamalla niit\u00e4 omista linkeist\u00e4\u00e4n myyntikohteiden sarakkeesta. Myyntikohde Sopimushinta Pyynt\u00f6 asunnosta P\u00e4\u00e4ttymishetki Uus 24, Kesklinn, 62,3 m2, 2 h. 0.0029 ETH 100 000 \u20ac 2021-12-06, 12:03 Gonsiori 5, Kesklinn, 57 m2, 2 h. 0.0110 ETH 180 000 \u20ac 2022-01-25, 19:48 Avoimia \u00e4lysopimuksia Ethereum &#8230; <a title=\"Active smart contracts | \u00e4lysopimuksia markkinoilla\" class=\"read-more\" href=\"https:\/\/tere-tech.eu\/balticfinns\/index.php\/active-smart-contracts-alysopimuksia-markkinoilla\/\" aria-label=\"Lue lis\u00e4\u00e4 aiheesta Active smart contracts | \u00e4lysopimuksia markkinoilla\">Lue lis\u00e4\u00e4<\/a><\/p>\n","protected":false},"author":1,"featured_media":79791,"parent":0,"menu_order":0,"comment_status":"closed","ping_status":"closed","template":"","meta":{"_monsterinsights_skip_tracking":false,"_monsterinsights_sitenote_active":false,"_monsterinsights_sitenote_note":"","_monsterinsights_sitenote_category":0,"footnotes":""},"_links":{"self":[{"href":"https:\/\/tere-tech.eu\/balticfinns\/index.php\/wp-json\/wp\/v2\/pages\/80762"}],"collection":[{"href":"https:\/\/tere-tech.eu\/balticfinns\/index.php\/wp-json\/wp\/v2\/pages"}],"about":[{"href":"https:\/\/tere-tech.eu\/balticfinns\/index.php\/wp-json\/wp\/v2\/types\/page"}],"author":[{"embeddable":true,"href":"https:\/\/tere-tech.eu\/balticfinns\/index.php\/wp-json\/wp\/v2\/users\/1"}],"replies":[{"embeddable":true,"href":"https:\/\/tere-tech.eu\/balticfinns\/index.php\/wp-json\/wp\/v2\/comments?post=80762"}],"version-history":[{"count":11,"href":"https:\/\/tere-tech.eu\/balticfinns\/index.php\/wp-json\/wp\/v2\/pages\/80762\/revisions"}],"predecessor-version":[{"id":80776,"href":"https:\/\/tere-tech.eu\/balticfinns\/index.php\/wp-json\/wp\/v2\/pages\/80762\/revisions\/80776"}],"wp:featuredmedia":[{"embeddable":true,"href":"https:\/\/tere-tech.eu\/balticfinns\/index.php\/wp-json\/wp\/v2\/media\/79791"}],"wp:attachment":[{"href":"https:\/\/tere-tech.eu\/balticfinns\/index.php\/wp-json\/wp\/v2\/media?parent=80762"}],"curies":[{"name":"wp","href":"https:\/\/api.w.org\/{rel}","templated":true}]}}