{"id":80994,"date":"2021-12-10T07:20:23","date_gmt":"2021-12-10T05:20:23","guid":{"rendered":"https:\/\/tere-tech.eu\/balticfinns\/?page_id=80994"},"modified":"2022-07-01T14:27:59","modified_gmt":"2022-07-01T11:27:59","slug":"user-guide-of-smart-contracts-2-2","status":"publish","type":"page","link":"https:\/\/tere-tech.eu\/balticfinns\/index.php\/vertailu-eri-tilaajille-kotiselaimeen\/alysopimukset-lohkoketjussa-smart-contracts-on-blockchain\/user-guide-of-smart-contracts-2-2\/","title":{"rendered":"&#8212; User Guide for Managing Whole Portfolio 2\/3"},"content":{"rendered":"\n<ul class=\"nav nav-tabs\" id=\"f-table\">\n<li>\n<a href=\"#p_uk\" data-toggle=\"tab\">\n<img decoding=\"async\" src=\"https:\/\/tere-tech.com\/show360\/public_html\/flag_uk.png\" alt=\"In english\"> \nUK\n<\/a>\n<\/li>\n<li class=\"active\">\n<a href=\"#p_fi\" data-toggle=\"tab\">\n<img decoding=\"async\" src=\"https:\/\/tere-tech.com\/show360\/public_html\/flag_finland.png\" alt=\"Suomeksi\"> \nFI\n<\/a>\n<\/li>\n<\/ul>\n\n\n\n<div class=\"tab-content\">\n<div id=\"p_uk\" class=\"tab-pane fade\">\n\n\n\n<p class=\"has-drop-cap has-light-green-cyan-background-color has-background has-medium-font-size\"><strong>Here is a user guide how to manage portfolio of smart contracts <\/strong> on Home Browser. You can most easily have fast access to all own contracts starting from own profile view. After that, you can go to see full details of ever existing contracts too.<\/p>\n\n\n\n<ul><li><a href=\"#profile_portfolio\" data-type=\"internal\" data-id=\"#profile_portfolio\">Own portfolio: basic status<\/a><\/li><li><a href=\"#all_details\" data-type=\"internal\" data-id=\"#all_details\">All details of deals for active account<\/a><\/li><\/ul>\n\n\n\n<h2 class=\"wp-block-heading\" id=\"profile_portfolio\">Starting from own profile<\/h2>\n\n\n\n<p class=\"has-base-background-color has-background has-medium-font-size\">When you become valued customer of Home Browser you will get automatically own profile page that shows you all key aspects of your smart contracts very quickly. There you can check out overview of active contracts that is based on your currently active crypto wallet&#8217;s account.<\/p>\n\n\n<div class=\"wp-block-image\">\n<figure class=\"aligncenter size-full\"><img decoding=\"async\" loading=\"lazy\" width=\"820\" height=\"795\" src=\"https:\/\/tere-tech.eu\/balticfinns\/wp-content\/uploads\/2021\/12\/hb_own_account.png\" alt=\"\" class=\"wp-image-81003\" srcset=\"https:\/\/tere-tech.eu\/balticfinns\/wp-content\/uploads\/2021\/12\/hb_own_account.png 820w, https:\/\/tere-tech.eu\/balticfinns\/wp-content\/uploads\/2021\/12\/hb_own_account-300x291.png 300w, https:\/\/tere-tech.eu\/balticfinns\/wp-content\/uploads\/2021\/12\/hb_own_account-768x745.png 768w, https:\/\/tere-tech.eu\/balticfinns\/wp-content\/uploads\/2021\/12\/hb_own_account-600x582.png 600w\" sizes=\"(max-width: 820px) 100vw, 820px\" \/><figcaption>On the right basic info of smart contracts &#8211; on the left links to management<\/figcaption><\/figure><\/div>\n\n\n<p>These listings are divided to three segments in which each contract may be:<\/p>\n\n\n\n<ul><li><strong>Active <\/strong>without buyer yet<\/li><li><strong>Bought <\/strong>&amp; locked out of market by client<\/li><li><strong>Signed once<\/strong> by buyer \/ seller<\/li><\/ul>\n\n\n\n<p>So, it is very effective to follow what happens with your deals just by opening this one view from time to time.<\/p>\n\n\n\n<h3 class=\"wp-block-heading\" id=\"full_details\">Easy to jump into controlling of deal<\/h3>\n\n\n\n<p>Every line of smart contract contains basic details about its sale (eq home address, deal&#8217;s price, etc) and also working direct link to full monitoring page of smart contract.<\/p>\n\n\n\n<p>When you open monitoring page you can fully control the smart contract&#8217;s all states just as is told <strong><a href=\"https:\/\/tere-tech.eu\/balticfinns\/index.php\/user-guide-of-smart-contracts-1-2\/#states-uk\" target=\"_blank\" rel=\"noreferrer noopener\">here already in another tutorial<\/a>.<\/strong><\/p>\n\n\n\n<h3 class=\"wp-block-heading\" id=\"all_details\">Full details of portfolio<\/h3>\n\n\n\n<p class=\"has-base-background-color has-background has-medium-font-size\">There is one nice button on the personal profile page (+ map&#8217;s view) that takes you to the full view of portfolio. This gives you the list of all positions where your current active account has a part of deal today \/ in past.<\/p>\n\n\n<div class=\"wp-block-image\">\n<figure class=\"aligncenter size-full\"><img decoding=\"async\" loading=\"lazy\" width=\"110\" height=\"69\" src=\"https:\/\/tere-tech.eu\/balticfinns\/wp-content\/uploads\/2021\/12\/hb_butt.png\" alt=\"\" class=\"wp-image-81006\"\/><\/figure><\/div>\n\n\n<p>The button opens the view where you can see all details of each smart contract as well as all data recorded inside them. This view is following current state of wallet &amp; its current account.<\/p>\n\n\n<div class=\"wp-block-image\">\n<figure class=\"aligncenter size-full\"><img decoding=\"async\" loading=\"lazy\" width=\"582\" height=\"523\" src=\"https:\/\/tere-tech.eu\/balticfinns\/wp-content\/uploads\/2022\/07\/image-4.png\" alt=\"\" class=\"wp-image-83471\" srcset=\"https:\/\/tere-tech.eu\/balticfinns\/wp-content\/uploads\/2022\/07\/image-4.png 582w, https:\/\/tere-tech.eu\/balticfinns\/wp-content\/uploads\/2022\/07\/image-4-300x270.png 300w\" sizes=\"(max-width: 582px) 100vw, 582px\" \/><figcaption>Account&#8217;s all contracts overview and their counts by main segments<\/figcaption><\/figure><\/div>\n\n\n<p>So, by changing your current account \/ blockchain&#8217;s network from wallet you will quickly find out what contracts you have under its direct management.<\/p>\n\n\n\n<p>There are those older segments of smart contracts that do not need your daily \/ weekly attention anymore but you have always access to them when needed when using Home Browser&#8217;s view here.<\/p>\n\n\n\n<p>All segments of contracts open to their own table when you tap one of popup button at first.<\/p>\n\n\n<div class=\"wp-block-image\">\n<figure class=\"aligncenter size-full\"><img decoding=\"async\" loading=\"lazy\" width=\"751\" height=\"499\" src=\"https:\/\/tere-tech.eu\/balticfinns\/wp-content\/uploads\/2022\/07\/image-5.png\" alt=\"\" class=\"wp-image-83473\" srcset=\"https:\/\/tere-tech.eu\/balticfinns\/wp-content\/uploads\/2022\/07\/image-5.png 751w, https:\/\/tere-tech.eu\/balticfinns\/wp-content\/uploads\/2022\/07\/image-5-300x199.png 300w, https:\/\/tere-tech.eu\/balticfinns\/wp-content\/uploads\/2022\/07\/image-5-600x399.png 600w\" sizes=\"(max-width: 751px) 100vw, 751px\" \/><figcaption>Listing table of open deals by clicking its <strong>green button<\/strong> in which active account is seller of deal (broker) and being home&#8217;s seller (ASKing offer at 71 242 \u20ac)<\/figcaption><\/figure><\/div>\n\n\n<p>Updating this full view of portfolio is automatic: only thing you need to learn is how to switch from account to account or from network to another one with the wallet. <\/p>\n\n\n\n<p>Since you can create unlimited amount of account with wallet it is very easy to segment your contract just the way you wish. For example, you could start to each account for the management of different areas of city and keep the listings of them much shorter when you have very many contracts, etc.<\/p>\n\n\n\n<blockquote class=\"wp-block-quote\"><p><strong>Full portfolio view is very handy <\/strong>when you need to find every little detail about all deals &#8211; what is \/ was going on about them.<\/p><\/blockquote>\n\n\n\n<\/div>\n<div id=\"p_fi\" class=\"tab-pane fade in active\">\n\n\n\n<p class=\"has-drop-cap has-light-green-cyan-background-color has-background has-medium-font-size\"><strong>K\u00e4ytt\u00f6opas koko \u00e4lysopimusten salkun hallintaan<\/strong> on t\u00e4ss\u00e4. Nopeimmin avaat oman salkun tilanteen l\u00e4htien kotiselaimen henkil\u00f6kohtaisen profiilin sivulta.<\/p>\n\n\n\n<h2 class=\"wp-block-heading\">Omalta profiililta sopimukset esiin k\u00e4tev\u00e4sti<\/h2>\n\n\n\n<p class=\"has-base-background-color has-background has-medium-font-size\">There you can check out overview of active contracts that is based on your currently active crypto wallet&#8217;s account. Tilaajana n\u00e4et automaattisesti kaikien omien sopimusten tilan oman profiilin osana. Avaamalla samalla kryptolompakon p\u00e4\u00e4set suoraan listoihin avoimia \u00e4lysopimuksia, jotka liittyv\u00e4t lompakon aktiiviseen tiliin.<\/p>\n\n\n<div class=\"wp-block-image\">\n<figure class=\"aligncenter size-full\"><img decoding=\"async\" loading=\"lazy\" width=\"820\" height=\"795\" src=\"https:\/\/tere-tech.eu\/balticfinns\/wp-content\/uploads\/2021\/12\/hb_own_account.png\" alt=\"\" class=\"wp-image-81003\" srcset=\"https:\/\/tere-tech.eu\/balticfinns\/wp-content\/uploads\/2021\/12\/hb_own_account.png 820w, https:\/\/tere-tech.eu\/balticfinns\/wp-content\/uploads\/2021\/12\/hb_own_account-300x291.png 300w, https:\/\/tere-tech.eu\/balticfinns\/wp-content\/uploads\/2021\/12\/hb_own_account-768x745.png 768w, https:\/\/tere-tech.eu\/balticfinns\/wp-content\/uploads\/2021\/12\/hb_own_account-600x582.png 600w\" sizes=\"(max-width: 820px) 100vw, 820px\" \/><figcaption>Oikealla p\u00e4\u00e4kohdat kustakin \u00e4lysopimuksesta &#8211; vasemmalla nopeat linkit kuhunkin sopimushallintaan<\/figcaption><\/figure><\/div>\n\n\n<p>\u00c4lysopimusten listaukset on jaettu kolmeen t\u00e4rkeimp\u00e4\u00e4n ryhm\u00e4\u00e4n n\u00e4in:<\/p>\n\n\n\n<ul><li><strong>Avoimet <\/strong>ilman ostajaa toistaiseksi<\/li><li><strong>Ostetut <\/strong>&amp; lukitut pois markkinoilta jatkossa<\/li><li><strong>Allekirjoitetut <\/strong>joko myyj\u00e4n \/ ostajan toimesta kertaalleen<\/li><\/ul>\n\n\n\n<p>On siis hyvin hy\u00f6dyllist\u00e4 avata oma profiili aina ensiksi kun haluaa n\u00e4hd\u00e4 mik\u00e4 on \u00e4lysopimusten tilanne nyt markkinoilla n\u00e4iden taulukoiden kautta.<\/p>\n\n\n\n<h3 class=\"wp-block-heading\">Helppoa sopimusten ohjausta<\/h3>\n\n\n\n<p>Jokaiselta rivilt\u00e4 l\u00f6ytyv\u00e4t keskeiset sopimustiedot (ts kodin osoite, diilin hinta, jne) sek\u00e4 linkki sopimuksen hallintasivulle.<\/p>\n\n\n\n<p>Hallintasivun avaamalla voit ohjata kutakin \u00e4lysopimusa tarkasti tilanteen mukaan vaivatta aivan kuten on jo kerrotty <strong><a href=\"https:\/\/tere-tech.eu\/balticfinns\/index.php\/user-guide-of-smart-contracts-1-2#states-fi\" target=\"_blank\" rel=\"noreferrer noopener\">t\u00e4\u00e4ll\u00e4 toisessa johdannossa.<\/a><\/strong><\/p>\n\n\n\n<h3 class=\"wp-block-heading\">Koko n\u00e4kym\u00e4 sopimusten salkusta<\/h3>\n\n\n\n<p>Oman profiilin yhdell\u00e4 painikkeella voit avata sopimussalkun koko tilanteen esiin.<\/p>\n\n\n<div class=\"wp-block-image\">\n<figure class=\"aligncenter size-full\"><img decoding=\"async\" loading=\"lazy\" width=\"110\" height=\"69\" src=\"https:\/\/tere-tech.eu\/balticfinns\/wp-content\/uploads\/2021\/12\/hb_butt.png\" alt=\"\" class=\"wp-image-81006\"\/><\/figure><\/div>\n\n\n<p>TSen n\u00e4yt\u00f6lt\u00e4 esitet\u00e4\u00e4n kaikki tiedot ja ryhm\u00e4t sopimuksista, jotka ovat liittyneet nykyisen kryptolompakon aktiiviseksi valittuun tiliin.<\/p>\n\n\n<div class=\"wp-block-image\">\n<figure class=\"aligncenter size-full\"><img decoding=\"async\" loading=\"lazy\" width=\"718\" height=\"655\" src=\"https:\/\/tere-tech.eu\/balticfinns\/wp-content\/uploads\/2021\/12\/hb_portfolio_1.png\" alt=\"\" class=\"wp-image-81004\" srcset=\"https:\/\/tere-tech.eu\/balticfinns\/wp-content\/uploads\/2021\/12\/hb_portfolio_1.png 718w, https:\/\/tere-tech.eu\/balticfinns\/wp-content\/uploads\/2021\/12\/hb_portfolio_1-300x274.png 300w, https:\/\/tere-tech.eu\/balticfinns\/wp-content\/uploads\/2021\/12\/hb_portfolio_1-600x547.png 600w\" sizes=\"(max-width: 718px) 100vw, 718px\" \/><\/figure><\/div>\n\n\n<p>T\u00e4lt\u00e4 n\u00e4yt\u00f6lt\u00e4 l\u00f6ytyy nyt my\u00f6s lis\u00e4ryhmi\u00e4, joita ei v\u00e4ltt\u00e4m\u00e4tt\u00e4 p\u00e4ivitt\u00e4isesti tarvita niin usein:<\/p>\n\n\n\n<ul><li><strong>Unitilassa <\/strong>olevat sopimukset ts pois k\u00e4yt\u00f6st\u00e4 toistaiseksi<\/li><li><strong>Suljetut <\/strong>ja onnistuneet sopimukset<\/li><li><strong>Keskeytetyt <\/strong>pysyv\u00e4sti myynnist\u00e4 &amp; markkinoilta<\/li><li><strong>Viiv\u00e4styneet <\/strong>yli lopetusajan sopimukset<\/li><\/ul>\n\n\n\n<p>N\u00e4m\u00e4 sopimukset ovat aina saatavilla tarpeen mukaan arkistona siit\u00e4 mit\u00e4 lompakon tilill\u00e4 on tehty &amp; tapahtunut aiemmin.<\/p>\n\n\n<div class=\"wp-block-image\">\n<figure class=\"aligncenter size-full\"><img decoding=\"async\" loading=\"lazy\" width=\"700\" height=\"608\" src=\"https:\/\/tere-tech.eu\/balticfinns\/wp-content\/uploads\/2021\/12\/hb_portfolio_2.png\" alt=\"\" class=\"wp-image-81005\" srcset=\"https:\/\/tere-tech.eu\/balticfinns\/wp-content\/uploads\/2021\/12\/hb_portfolio_2.png 700w, https:\/\/tere-tech.eu\/balticfinns\/wp-content\/uploads\/2021\/12\/hb_portfolio_2-300x261.png 300w, https:\/\/tere-tech.eu\/balticfinns\/wp-content\/uploads\/2021\/12\/hb_portfolio_2-600x521.png 600w\" sizes=\"(max-width: 700px) 100vw, 700px\" \/><\/figure><\/div>\n\n\n<blockquote class=\"wp-block-quote\"><p><strong>Koko salkun hallinnan n\u00e4ytt\u00f6 on hyvin hy\u00f6dyllinen<\/strong> aina kun on tarve yksityiskohtaisesti tutkia mit\u00e4 tietoja sopimuksiin on viety sis\u00e4\u00e4n lohkoketjussa.<\/p><\/blockquote>\n\n\n\n<\/div>\n<\/div>\n\n\n\n<script>\nif (HBlang !== 'fi') {\n  jQuery('#f-table a:first').tab('show');\n}\njQuery(\".entry-title\").html(getMsg(1102));\njQuery(\"title\").html(getMsg(1102));\n<\/script>\n","protected":false},"excerpt":{"rendered":"<p>UK FI Here is a user guide how to manage portfolio of smart contracts on Home Browser. You can most easily have fast access to all own contracts starting from own profile view. After that, you can go to see full details of ever existing contracts too. Own portfolio: basic status All details of deals &#8230; <a title=\"&#8212; User Guide for Managing Whole Portfolio 2\/3\" class=\"read-more\" href=\"https:\/\/tere-tech.eu\/balticfinns\/index.php\/vertailu-eri-tilaajille-kotiselaimeen\/alysopimukset-lohkoketjussa-smart-contracts-on-blockchain\/user-guide-of-smart-contracts-2-2\/\" aria-label=\"Lue lis\u00e4\u00e4 aiheesta &#8212; User Guide for Managing Whole Portfolio 2\/3\">Lue lis\u00e4\u00e4<\/a><\/p>\n","protected":false},"author":1,"featured_media":0,"parent":79975,"menu_order":0,"comment_status":"closed","ping_status":"closed","template":"","meta":{"_monsterinsights_skip_tracking":false,"_monsterinsights_sitenote_active":false,"_monsterinsights_sitenote_note":"","_monsterinsights_sitenote_category":0,"footnotes":""},"_links":{"self":[{"href":"https:\/\/tere-tech.eu\/balticfinns\/index.php\/wp-json\/wp\/v2\/pages\/80994"}],"collection":[{"href":"https:\/\/tere-tech.eu\/balticfinns\/index.php\/wp-json\/wp\/v2\/pages"}],"about":[{"href":"https:\/\/tere-tech.eu\/balticfinns\/index.php\/wp-json\/wp\/v2\/types\/page"}],"author":[{"embeddable":true,"href":"https:\/\/tere-tech.eu\/balticfinns\/index.php\/wp-json\/wp\/v2\/users\/1"}],"replies":[{"embeddable":true,"href":"https:\/\/tere-tech.eu\/balticfinns\/index.php\/wp-json\/wp\/v2\/comments?post=80994"}],"version-history":[{"count":35,"href":"https:\/\/tere-tech.eu\/balticfinns\/index.php\/wp-json\/wp\/v2\/pages\/80994\/revisions"}],"predecessor-version":[{"id":83476,"href":"https:\/\/tere-tech.eu\/balticfinns\/index.php\/wp-json\/wp\/v2\/pages\/80994\/revisions\/83476"}],"up":[{"embeddable":true,"href":"https:\/\/tere-tech.eu\/balticfinns\/index.php\/wp-json\/wp\/v2\/pages\/79975"}],"wp:attachment":[{"href":"https:\/\/tere-tech.eu\/balticfinns\/index.php\/wp-json\/wp\/v2\/media?parent=80994"}],"curies":[{"name":"wp","href":"https:\/\/api.w.org\/{rel}","templated":true}]}}