{"id":81043,"date":"2021-12-12T08:35:06","date_gmt":"2021-12-12T06:35:06","guid":{"rendered":"https:\/\/tere-tech.eu\/balticfinns\/?page_id=81043"},"modified":"2022-07-01T11:57:48","modified_gmt":"2022-07-01T08:57:48","slug":"user-guide-to-the-map-of-smart-contracts-3-3","status":"publish","type":"page","link":"https:\/\/tere-tech.eu\/balticfinns\/index.php\/vertailu-eri-tilaajille-kotiselaimeen\/alysopimukset-lohkoketjussa-smart-contracts-on-blockchain\/user-guide-to-the-map-of-smart-contracts-3-3\/","title":{"rendered":"&#8212; User Guide to The Map of Smart Contracts 3\/3"},"content":{"rendered":"\n<ul class=\"nav nav-tabs\" id=\"f-table\">\n<li>\n<a href=\"#p_uk\" data-toggle=\"tab\">\n<img decoding=\"async\" src=\"https:\/\/tere-tech.com\/show360\/public_html\/flag_uk.png\" alt=\"In english\"> \nUK\n<\/a>\n<\/li>\n<li class=\"active\">\n<a href=\"#p_fi\" data-toggle=\"tab\">\n<img decoding=\"async\" src=\"https:\/\/tere-tech.com\/show360\/public_html\/flag_finland.png\" alt=\"Suomeksi\"> \nFI\n<\/a>\n<\/li>\n<\/ul>\n\n\n\n<div class=\"tab-content\">\n<div id=\"p_uk\" class=\"tab-pane fade\">\n\n\n\n<p class=\"has-drop-cap has-light-green-cyan-background-color has-background has-medium-font-size\"><strong>This part of user guide introduces interactive map <\/strong>of smart contracts. You can have a quick &amp; clear overview of all active &amp; open contracts by opening Home Browser&#8217;s updating market view on the special way described here next.<\/p>\n\n\n\n<h2 class=\"wp-block-heading\">Special layer of map for open contracts<\/h2>\n\n\n<div class=\"wp-block-image\">\n<figure class=\"aligncenter size-full\"><img decoding=\"async\" loading=\"lazy\" width=\"837\" height=\"517\" src=\"https:\/\/tere-tech.eu\/balticfinns\/wp-content\/uploads\/2022\/07\/image.png\" alt=\"\" class=\"wp-image-83451\" srcset=\"https:\/\/tere-tech.eu\/balticfinns\/wp-content\/uploads\/2022\/07\/image.png 837w, https:\/\/tere-tech.eu\/balticfinns\/wp-content\/uploads\/2022\/07\/image-300x185.png 300w, https:\/\/tere-tech.eu\/balticfinns\/wp-content\/uploads\/2022\/07\/image-768x474.png 768w, https:\/\/tere-tech.eu\/balticfinns\/wp-content\/uploads\/2022\/07\/image-600x371.png 600w\" sizes=\"(max-width: 837px) 100vw, 837px\" \/><figcaption>One open deal from buyer (green one) &amp; seller (red one) that did open by the right side&#8217;s Ethereum&#8217;s button<\/figcaption><\/figure><\/div>\n\n\n<p class=\"has-base-background-color has-background has-medium-font-size\">There is one nice &amp; fast way to see all created active smart contracts at once. You just select this feature by clicking contracts own button on the right top corner of map. This turns on visible map&#8217;s layer in which contracts appear like handshake icons.<\/p>\n\n\n\n<p><strong>These colors of handshakes<\/strong> icons mean:<\/p>\n\n\n\n<ul class=\"has-medium-font-size\"><li><mark style=\"background-color:rgba(0, 0, 0, 0);color:#289600\" class=\"has-inline-color\"><strong>Green <\/strong><\/mark>=> home buyer&#8217;s <strong>active &amp; open BID<\/strong> for the home<\/li><li><mark style=\"background-color:rgba(0, 0, 0, 0);color:#790002\" class=\"has-inline-color\"><strong>Red <\/strong><\/mark>=> home seller&#8217;s (eq broker \/ owner) <strong>open ASK&#8217;s offer<\/strong><\/li><\/ul>\n\n\n\n<p>Next, by selecting &amp; clicking any of icons opens its bubble of details where you can find the main facts about that active deal.<\/p>\n\n\n<div class=\"wp-block-image\">\n<figure class=\"aligncenter size-full\"><img decoding=\"async\" loading=\"lazy\" width=\"656\" height=\"467\" src=\"https:\/\/tere-tech.eu\/balticfinns\/wp-content\/uploads\/2022\/07\/image-1.png\" alt=\"\" class=\"wp-image-83452\" srcset=\"https:\/\/tere-tech.eu\/balticfinns\/wp-content\/uploads\/2022\/07\/image-1.png 656w, https:\/\/tere-tech.eu\/balticfinns\/wp-content\/uploads\/2022\/07\/image-1-300x214.png 300w, https:\/\/tere-tech.eu\/balticfinns\/wp-content\/uploads\/2022\/07\/image-1-600x427.png 600w\" sizes=\"(max-width: 656px) 100vw, 656px\" \/><figcaption>Closer look about buyer&#8217;s agent BID (= Marina) who offers the service fee 66 USDC stablecoins for the private showing of home that the seller could earn easily<\/figcaption><\/figure><\/div>\n\n\n<p>If the contract is attractive to you then you have a direct link at the bottom ( => 0xe0db1B&#8230;a88 above) of bubble to open its own contract&#8217;s page where you can check it out better (+ buy it) to yourself.<\/p>\n\n\n\n<p>Please, check that you allow popup windows too with the browser when you try this at very first time !<\/p>\n\n\n\n<p>The map&#8217;s view is following the state of market in real time so that when someone creates new contract it is published automatically there and if you decide to accept and buy one deal its icon is removed away also from wider audience.<\/p>\n\n\n\n<blockquote class=\"wp-block-quote has-medium-font-size\"><p>That is it &#8211; <strong>congratulations you have now full super powers<\/strong> to find new deals of homes in very interesting way !<\/p><\/blockquote>\n\n\n\n<h3 class=\"wp-block-heading\">Using the right blockchains<\/h3>\n\n\n\n<p class=\"has-base-background-color has-background\">Your market&#8217;s view on the map is always based on your crypto wallet&#8217;s active network &amp; its account starting from the moment when you open the map. Our contracts are designed to work best on any Ethereum compatible blockchain but since the availability of used stable coins today we have limited their use for clients below about blockchains.<\/p>\n\n\n\n<figure class=\"wp-block-table\"><table class=\"has-fixed-layout\"><thead><tr><th>Real Deals &amp; Cryptos<\/th><th>Playing around Test Sandbox &amp; Toy Coins<\/th><\/tr><\/thead><tbody><tr><td>Ethereum Mainnet<\/td><td>Ropsten Test Network<\/td><\/tr><tr><td><\/td><td>Goerli Test Netwok<\/td><\/tr><tr><td>Polygon Mainnet<\/td><td>Mumbai Test Network (Polygon&#8217;s testing chain)<\/td><\/tr><\/tbody><\/table><figcaption>Working &amp; tested networks for Home Browser<\/figcaption><\/figure>\n\n\n\n<h3 class=\"wp-block-heading\">Minimum Basic requirements<\/h3>\n\n\n\n<p><em><strong>Note<\/strong>: when buying any test \/ real deals by own crypto wallet you need: <\/em><\/p>\n\n\n\n<ul><li><em>Register in <\/em>+ log in<\/li><li><em>Have a working email when creating new user name with Home Browser<\/em><\/li><\/ul>\n\n\n\n<p><em>The layer of deals is not available on map if you are not logged in<\/em> first &amp; have the wallet open to connect by any account from our map !<\/p>\n\n\n\n<\/div>\n<div id=\"p_fi\" class=\"tab-pane fade in active\">\n\n\n\n<p class=\"has-large-font-size\">Suomeksikin pian my\u00f6s t\u00e4\u00e4ll\u00e4 !<\/p>\n\n\n\n<\/div>\n<\/div>\n\n\n\n<script>\nif (HBlang !== 'fi') {\n  jQuery('#f-table a:first').tab('show');\n}\njQuery(\".entry-title\").html(getMsg(1102));\njQuery(\"title\").html(getMsg(1102));\n<\/script>\n","protected":false},"excerpt":{"rendered":"<p>UK FI This part of user guide introduces interactive map of smart contracts. You can have a quick &amp; clear overview of all active &amp; open contracts by opening Home Browser&#8217;s updating market view on the special way described here next. Special layer of map for open contracts There is one nice &amp; fast way &#8230; <a title=\"&#8212; User Guide to The Map of Smart Contracts 3\/3\" class=\"read-more\" href=\"https:\/\/tere-tech.eu\/balticfinns\/index.php\/vertailu-eri-tilaajille-kotiselaimeen\/alysopimukset-lohkoketjussa-smart-contracts-on-blockchain\/user-guide-to-the-map-of-smart-contracts-3-3\/\" aria-label=\"Lue lis\u00e4\u00e4 aiheesta &#8212; User Guide to The Map of Smart Contracts 3\/3\">Lue lis\u00e4\u00e4<\/a><\/p>\n","protected":false},"author":1,"featured_media":0,"parent":79975,"menu_order":0,"comment_status":"closed","ping_status":"closed","template":"","meta":{"_monsterinsights_skip_tracking":false,"_monsterinsights_sitenote_active":false,"_monsterinsights_sitenote_note":"","_monsterinsights_sitenote_category":0,"footnotes":""},"_links":{"self":[{"href":"https:\/\/tere-tech.eu\/balticfinns\/index.php\/wp-json\/wp\/v2\/pages\/81043"}],"collection":[{"href":"https:\/\/tere-tech.eu\/balticfinns\/index.php\/wp-json\/wp\/v2\/pages"}],"about":[{"href":"https:\/\/tere-tech.eu\/balticfinns\/index.php\/wp-json\/wp\/v2\/types\/page"}],"author":[{"embeddable":true,"href":"https:\/\/tere-tech.eu\/balticfinns\/index.php\/wp-json\/wp\/v2\/users\/1"}],"replies":[{"embeddable":true,"href":"https:\/\/tere-tech.eu\/balticfinns\/index.php\/wp-json\/wp\/v2\/comments?post=81043"}],"version-history":[{"count":33,"href":"https:\/\/tere-tech.eu\/balticfinns\/index.php\/wp-json\/wp\/v2\/pages\/81043\/revisions"}],"predecessor-version":[{"id":83456,"href":"https:\/\/tere-tech.eu\/balticfinns\/index.php\/wp-json\/wp\/v2\/pages\/81043\/revisions\/83456"}],"up":[{"embeddable":true,"href":"https:\/\/tere-tech.eu\/balticfinns\/index.php\/wp-json\/wp\/v2\/pages\/79975"}],"wp:attachment":[{"href":"https:\/\/tere-tech.eu\/balticfinns\/index.php\/wp-json\/wp\/v2\/media?parent=81043"}],"curies":[{"name":"wp","href":"https:\/\/api.w.org\/{rel}","templated":true}]}}