{"id":86912,"date":"2023-12-02T08:24:26","date_gmt":"2023-12-02T06:24:26","guid":{"rendered":"https:\/\/tere-tech.eu\/balticfinns\/?page_id=86912"},"modified":"2023-12-02T08:26:33","modified_gmt":"2023-12-02T06:26:33","slug":"suljetut-asuntokaupat-niiden-seuranta","status":"publish","type":"page","link":"https:\/\/tere-tech.eu\/balticfinns\/index.php\/suljetut-asuntokaupat-niiden-seuranta\/","title":{"rendered":"Suljetut asuntokaupat &#038; niiden seuranta"},"content":{"rendered":"\n<p class=\"has-electric-grass-gradient-background has-background has-medium-font-size\">Saat <strong>tarkan kuvan siit\u00e4, mit\u00e4 on tapahtunut asuntomarkkinoilla<\/strong> viimeisten viikkojen aikana. T\u00e4m\u00e4n markkinaseurantaty\u00f6kalun avulla voit helposti tarkistaa dynamiikan, mukaan lukien kaikki suljetut kaupat ja joko uudet tai vanhat kodit eri hintaluokissa. T\u00e4m\u00e4 taulukointity\u00f6kalu on ilmainen osa palveluamme ja se voidaan k\u00e4tev\u00e4sti avata jokaiselle asuinalueelle, mahdollistaen vertailut alueen nykytilanteeseen.<\/p>\n\n\n\n<h2 class=\"wp-block-heading\">Loogiset asuntojen kokoluokat<\/h2>\n\n\n\n<p class=\"has-base-background-color has-background has-medium-font-size\">Kaupunkialueen markkinak\u00e4ytt\u00e4ytyminen on jaettu viiteen p\u00e4\u00e4ryhm\u00e4\u00e4n, jotka perustuvat asuntojen kokoon (esim. 1-30 m2 \u2026 70-250 m2). T\u00e4m\u00e4 kokoryhmien esittely tekee vertailusta helppoa ja l\u00e4pin\u00e4kyv\u00e4\u00e4 verrattuna paikallisen kiinteist\u00f6viraston (<a rel=\"noreferrer noopener\" href=\"https:\/\/maaamet.ee\/\" data-type=\"link\" data-id=\"https:\/\/maaamet.ee\/\" target=\"_blank\">Maa-amet<\/a>) julkaisemiin toteutuneiden kauppojen tilanteeseen samojen luokitusten avulla.<\/p>\n\n\n<div class=\"wp-block-image\">\n<figure class=\"aligncenter size-full\"><img decoding=\"async\" loading=\"lazy\" width=\"145\" height=\"298\" src=\"https:\/\/tere-tech.eu\/balticfinns\/wp-content\/uploads\/2023\/12\/image-4.png\" alt=\"\" class=\"wp-image-86887\"\/><figcaption class=\"wp-element-caption\">Loogiset myyntikotien kokoryhm\u00e4t<\/figcaption><\/figure><\/div>\n\n\n<h3 class=\"wp-block-heading\">Kodin keskikoko ja kauppam\u00e4\u00e4r\u00e4t<\/h3>\n\n\n\n<p class=\"has-base-background-color has-background\"><br>Kunkin myyntiryhm\u00e4n kotien keskikoot paljastavat halutuimman tilan valitulla alueella. Suurempi suljettujen kauppojen m\u00e4\u00e4r\u00e4 ryhm\u00e4ss\u00e4 osoittaa my\u00f6s tarkemmin, mik\u00e4 on kysytty\u00e4 ja haluttua markkinoilla.<\/p>\n\n\n<div class=\"wp-block-image\">\n<figure class=\"aligncenter size-full\"><img decoding=\"async\" loading=\"lazy\" width=\"238\" height=\"421\" src=\"https:\/\/tere-tech.eu\/balticfinns\/wp-content\/uploads\/2023\/12\/image-5.png\" alt=\"\" class=\"wp-image-86888\" srcset=\"https:\/\/tere-tech.eu\/balticfinns\/wp-content\/uploads\/2023\/12\/image-5.png 238w, https:\/\/tere-tech.eu\/balticfinns\/wp-content\/uploads\/2023\/12\/image-5-170x300.png 170w\" sizes=\"(max-width: 238px) 100vw, 238px\" \/><figcaption class=\"wp-element-caption\">Keskikoot ja kauppam\u00e4\u00e4r\u00e4t suljetuista<\/figcaption><\/figure><\/div>\n\n\n<p>Yksi ty\u00f6kalumme etu on, ett\u00e4 jopa vain aivan muutamien tapahtuneiden suljetut kaupat ovat n\u00e4kyviss\u00e4 kunkin talon ja osoitteen osalta. Toisin kuin kiinteist\u00f6virasto, joka listaa tapahtumat julkisesti vain, jos niit\u00e4 on tapahtunut yli 5 kpl paikallisesti.<\/p>\n\n\n<div class=\"wp-block-image\">\n<figure class=\"aligncenter size-full\"><img decoding=\"async\" loading=\"lazy\" width=\"303\" height=\"125\" src=\"https:\/\/tere-tech.eu\/balticfinns\/wp-content\/uploads\/2023\/12\/image-13.png\" alt=\"\" class=\"wp-image-86906\" srcset=\"https:\/\/tere-tech.eu\/balticfinns\/wp-content\/uploads\/2023\/12\/image-13.png 303w, https:\/\/tere-tech.eu\/balticfinns\/wp-content\/uploads\/2023\/12\/image-13-300x125.png 300w\" sizes=\"(max-width: 303px) 100vw, 303px\" \/><figcaption class=\"wp-element-caption\">Vain muutama uusien sulkeutuma (\/4 vko jakso) &#8230;<\/figcaption><\/figure><\/div>\n\n<div class=\"wp-block-image\">\n<figure class=\"aligncenter size-full\"><img decoding=\"async\" loading=\"lazy\" width=\"577\" height=\"255\" src=\"https:\/\/tere-tech.eu\/balticfinns\/wp-content\/uploads\/2023\/12\/image-14.png\" alt=\"\" class=\"wp-image-86908\" srcset=\"https:\/\/tere-tech.eu\/balticfinns\/wp-content\/uploads\/2023\/12\/image-14.png 577w, https:\/\/tere-tech.eu\/balticfinns\/wp-content\/uploads\/2023\/12\/image-14-300x133.png 300w\" sizes=\"(max-width: 577px) 100vw, 577px\" \/><figcaption class=\"wp-element-caption\">&#8230; N\u00e4iden tarkat osoitteet &amp; talot kartalta<\/figcaption><\/figure><\/div>\n\n\n<p>Sek\u00e4 ostajille ett\u00e4 myyjille on \u00e4\u00e4rimm\u00e4isen k\u00e4tev\u00e4\u00e4 &amp; hy\u00f6dyllist\u00e4 n\u00e4hd\u00e4 v\u00e4litt\u00f6m\u00e4sti aktiiviset hintatasot tietyll\u00e4 alueella ilman rajoituksia niiden markkinan muuttuessa.<\/p>\n\n\n\n<h3 class=\"wp-block-heading\">Requests and Fair Prices<\/h3>\n\n\n\n<p class=\"has-base-background-color has-background\"><br><strong>Automaattisesti aina esiin laskettu suljettujen pyynt\u00f6hinta ( ts ASK )<\/strong> kuvastaa tarkasti valitun myyntiryhm\u00e4n asuntojen keskihintaa tietyll\u00e4 alueella. T\u00e4t\u00e4 hintaa voidaan k\u00e4ytt\u00e4\u00e4 alustavaan vertailuun muiden samankokoisten myyntien kanssa naapurustossa.<\/p>\n\n\n<div class=\"wp-block-image\">\n<figure class=\"aligncenter size-full\"><img decoding=\"async\" loading=\"lazy\" width=\"372\" height=\"493\" src=\"https:\/\/tere-tech.eu\/balticfinns\/wp-content\/uploads\/2023\/12\/image-6.png\" alt=\"\" class=\"wp-image-86890\" srcset=\"https:\/\/tere-tech.eu\/balticfinns\/wp-content\/uploads\/2023\/12\/image-6.png 372w, https:\/\/tere-tech.eu\/balticfinns\/wp-content\/uploads\/2023\/12\/image-6-226x300.png 226w\" sizes=\"(max-width: 372px) 100vw, 372px\" \/><figcaption class=\"wp-element-caption\">Normaalit kotien pyynt\u00f6hinnat (\u20ac)<\/figcaption><\/figure><\/div>\n\n\n<h4 class=\"wp-block-heading\">Alin mahdollinen hintataso<\/h4>\n\n\n\n<p class=\"has-base-background-color has-background\"><strong>Ostajan k\u00e4yv\u00e4t hinnat ( ts BID:t )<\/strong> ovat my\u00f6s automaattisesti saatavilla yhdell\u00e4 napsautuksella. T\u00e4m\u00e4 arvion laskenta perustuu painotettuun otantaan \u00e4skett\u00e4in suljetuista kodeista ryhm\u00e4ss\u00e4, automaattisesti huomioiden niiden et\u00e4isyyksien mukaan kustakin suljetusta. Lis\u00e4ksi hinnat alenevat aina perustuen viimeaikaisissa todellisissa kaupoissa havaittuun normaaliin alennukseen kussakin naapurustossa vrt markkinapyynt\u00f6ihin.<\/p>\n\n\n<div class=\"wp-block-image\">\n<figure class=\"aligncenter size-full\"><img decoding=\"async\" loading=\"lazy\" width=\"373\" height=\"494\" src=\"https:\/\/tere-tech.eu\/balticfinns\/wp-content\/uploads\/2023\/12\/image-7.png\" alt=\"\" class=\"wp-image-86891\" srcset=\"https:\/\/tere-tech.eu\/balticfinns\/wp-content\/uploads\/2023\/12\/image-7.png 373w, https:\/\/tere-tech.eu\/balticfinns\/wp-content\/uploads\/2023\/12\/image-7-227x300.png 227w\" sizes=\"(max-width: 373px) 100vw, 373px\" \/><figcaption class=\"wp-element-caption\">Arvioidut alimmat myyntihinnat<\/figcaption><\/figure><\/div>\n\n\n<p><em>T\u00e4m\u00e4 automaattinen laskenta tuottaa erinomaisen l\u00e4ht\u00f6kohdan kaikille asuntosijoittajille<\/em>, jotka haluavat tarkastella paikallisia markkinoita tarkemmin ja tehd\u00e4 avoimen tarjouksen markkinoiden olosuhteiden testaamiseksi.<\/p>\n\n\n\n<h4 class=\"wp-block-heading\">Vertailut omenoiden kesken<\/h4>\n\n\n\n<p><strong>Omenoiden vertaaminen omenoihin on aina parempi<\/strong> kuin niiden vertaaminen appelsiineihin. T\u00e4m\u00e4 voidaan helposti ottaa huomioon hintataulukossa muuntamalla kodin hinnat \u20ac\/m2-muotoon. T\u00e4m\u00e4 mahdollistaa suoran vertailun mink\u00e4 tahansa avoimen myynnin kanssa alueella ja sen neli\u00f6hinnan kanssa, ymm\u00e4rt\u00e4en kuinka l\u00e4hell\u00e4 se on naapuruston normaalia pyynt\u00f6hintaa tai jopa alinta kohtuullista hintaa k\u00e4yt\u00e4nn\u00f6ss\u00e4.<\/p>\n\n\n<div class=\"wp-block-image\">\n<figure class=\"aligncenter size-full\"><img decoding=\"async\" loading=\"lazy\" width=\"372\" height=\"490\" src=\"https:\/\/tere-tech.eu\/balticfinns\/wp-content\/uploads\/2023\/12\/image-8.png\" alt=\"\" class=\"wp-image-86892\" srcset=\"https:\/\/tere-tech.eu\/balticfinns\/wp-content\/uploads\/2023\/12\/image-8.png 372w, https:\/\/tere-tech.eu\/balticfinns\/wp-content\/uploads\/2023\/12\/image-8-228x300.png 228w\" sizes=\"(max-width: 372px) 100vw, 372px\" \/><figcaption class=\"wp-element-caption\">Neli\u00f6hinnat ryhmitt\u00e4in<\/figcaption><\/figure><\/div>\n\n\n<h2 class=\"wp-block-heading\">Uudistuotannon tarkka hintavertailu<\/h2>\n\n\n\n<p class=\"has-base-background-color has-background\">Uusien kehityshankkeiden &amp; talojen hintatasojen arvioiminen on helppoa ja nopeaa k\u00e4ytt\u00e4m\u00e4ll\u00e4 niihin erityisesti luotua automaatiota kotiselaimessa. Infokuplat omilla symboleillaan tarjoavat n\u00e4kemyksi\u00e4 kunkin uuden kiinteist\u00f6n ja sen myyntien hinnoittelutrendeist\u00e4. Suora p\u00e4\u00e4sy vertailutaulukkoon jokaiselle myynnille mahdollistaa my\u00f6s t\u00e4ss\u00e4 aivan v\u00e4litt\u00f6m\u00e4n n\u00e4kemyksen siit\u00e4, kuinka j\u00e4rkev\u00e4sti pyynt\u00f6hinta asettuu suhteessa nykyiseen markkinatilanteeseen sen ymp\u00e4rist\u00f6ss\u00e4.<\/p>\n\n\n<div class=\"wp-block-image\">\n<figure class=\"aligncenter size-large\"><img decoding=\"async\" loading=\"lazy\" width=\"1024\" height=\"579\" src=\"https:\/\/tere-tech.eu\/balticfinns\/wp-content\/uploads\/2023\/12\/image-3-1024x579.png\" alt=\"\" class=\"wp-image-86883\" srcset=\"https:\/\/tere-tech.eu\/balticfinns\/wp-content\/uploads\/2023\/12\/image-3-1024x579.png 1024w, https:\/\/tere-tech.eu\/balticfinns\/wp-content\/uploads\/2023\/12\/image-3-300x170.png 300w, https:\/\/tere-tech.eu\/balticfinns\/wp-content\/uploads\/2023\/12\/image-3-768x434.png 768w, https:\/\/tere-tech.eu\/balticfinns\/wp-content\/uploads\/2023\/12\/image-3-600x339.png 600w, https:\/\/tere-tech.eu\/balticfinns\/wp-content\/uploads\/2023\/12\/image-3.png 1065w\" sizes=\"(max-width: 1024px) 100vw, 1024px\" \/><figcaption class=\"wp-element-caption\">Yhden avoimen myyntitalon tilannekuva vertailussa<\/figcaption><\/figure><\/div>\n\n\n<p>Lis\u00e4ksi voit seurata koko kiinteist\u00f6n hintakehityst\u00e4 historiallisesti kaavioiden avulla sen avaamisesta l\u00e4htien. T\u00e4m\u00e4 kuvaa tarkasti rakennuttajan mielialoja ja myyntitarjousten p\u00e4\u00e4t\u00f6ksi\u00e4, kun markkinat etenev\u00e4t trendist\u00e4 toiseen.<\/p>\n\n\n<div class=\"wp-block-image\">\n<figure class=\"aligncenter size-full\"><img decoding=\"async\" loading=\"lazy\" width=\"671\" height=\"359\" src=\"https:\/\/tere-tech.eu\/balticfinns\/wp-content\/uploads\/2023\/12\/image-2.png\" alt=\"\" class=\"wp-image-86882\" srcset=\"https:\/\/tere-tech.eu\/balticfinns\/wp-content\/uploads\/2023\/12\/image-2.png 671w, https:\/\/tere-tech.eu\/balticfinns\/wp-content\/uploads\/2023\/12\/image-2-300x161.png 300w, https:\/\/tere-tech.eu\/balticfinns\/wp-content\/uploads\/2023\/12\/image-2-600x321.png 600w\" sizes=\"(max-width: 671px) 100vw, 671px\" \/><figcaption class=\"wp-element-caption\">Koko talon myynnin historia (hinnat &amp; avoimet myyntikohteet)<\/figcaption><\/figure><\/div>\n\n\n<h2 class=\"wp-block-heading\">Visualisointi ja myyntikohteet<\/h2>\n\n\n<div class=\"wp-block-image\">\n<figure class=\"aligncenter size-full\"><img decoding=\"async\" loading=\"lazy\" width=\"539\" height=\"417\" src=\"https:\/\/tere-tech.eu\/balticfinns\/wp-content\/uploads\/2023\/12\/image-9.png\" alt=\"\" class=\"wp-image-86899\" srcset=\"https:\/\/tere-tech.eu\/balticfinns\/wp-content\/uploads\/2023\/12\/image-9.png 539w, https:\/\/tere-tech.eu\/balticfinns\/wp-content\/uploads\/2023\/12\/image-9-300x232.png 300w\" sizes=\"(max-width: 539px) 100vw, 539px\" \/><figcaption class=\"wp-element-caption\">Suljettujen myyntien tarkat sijainnit \u00e4skett\u00e4in<\/figcaption><\/figure><\/div>\n\n\n<p class=\"has-base-background-color has-background\"><strong>Ty\u00f6kalumme erinomainen ominaisuus<\/strong> on suljettujen kauppojen sijaintien suora esitt\u00e4minen interaktiivisella kartalla. T\u00e4m\u00e4 tekee nopeaksi ja helpoksi n\u00e4hd\u00e4, miss\u00e4 viime aikoina on tapahtunut eniten kauppoja naapurustossa.<\/p>\n\n\n<div class=\"wp-block-image\">\n<figure class=\"aligncenter size-full\"><img decoding=\"async\" loading=\"lazy\" width=\"124\" height=\"327\" src=\"https:\/\/tere-tech.eu\/balticfinns\/wp-content\/uploads\/2023\/12\/image-12.png\" alt=\"\" class=\"wp-image-86903\" srcset=\"https:\/\/tere-tech.eu\/balticfinns\/wp-content\/uploads\/2023\/12\/image-12.png 124w, https:\/\/tere-tech.eu\/balticfinns\/wp-content\/uploads\/2023\/12\/image-12-114x300.png 114w\" sizes=\"(max-width: 124px) 100vw, 124px\" \/><figcaption class=\"wp-element-caption\">Painikkeet sijaintien hakuun<\/figcaption><\/figure><\/div>\n\n\n<p><strong>Avainhy\u00f6dyt<\/strong><\/p>\n\n\n\n<ul>\n<li>T\u00e4m\u00e4 auttaa <strong>kiinteist\u00f6v\u00e4litt\u00e4ji\u00e4 ymm\u00e4rt\u00e4m\u00e4\u00e4n ja priorisoimaan aikansa<\/strong> j\u00e4rjest\u00e4\u00e4 julkisia kiinteist\u00f6esittelyj\u00e4 omilla alueillaan mahdollisimman tehokkaasti.<\/li>\n\n\n\n<li>Se my\u00f6s kertoo kiinteist\u00f6sijoittajille, <strong>mitk\u00e4 alueet ovat kannattavimpia<\/strong> tutkia nykyisess\u00e4 markkinadynamiikassa.<\/li>\n<\/ul>\n\n\n\n<p>Jokaisesta kaupunginosan hintataulukosta voit aktiivisesti suodattaa pois vain <strong>suljetut myynnit tietylle kokoryhm\u00e4lle kartalla<\/strong>. Esimerkiksi, jos etsit tavallista kaksioasuntoa (41-55 m2 kokoluokka), t\u00e4m\u00e4n ryhm\u00e4n symbolit n\u00e4kyv\u00e4t siell\u00e4, miss\u00e4 toiminta on ollut vilkkainta heid\u00e4n sulkeutuneissa ilmoituksissaan.<\/p>\n\n\n\n<p><strong>HUOMIO<\/strong>: Karttavisualisointi on lis\u00e4ominaisuus, joka aktivoituu rekister\u00f6ityneille k\u00e4ytt\u00e4jille ty\u00f6kalustamme.<\/p>\n\n\n\n<h3 class=\"wp-block-heading\">Vertailut nykymarkkinan kannattaviin myynteihin<\/h3>\n\n\n\n<p class=\"has-base-background-color has-background\">Olitpa sitten ostaja tai myyj\u00e4, olet kiinnostunut paitsi \u00e4skett\u00e4in sulkeutuneista myynneist\u00e4 my\u00f6s nykyisist\u00e4 tarjouksista, jotka tarjoavat parasta lis\u00e4arvoa. T\u00e4t\u00e4 varten hintataulukoissa on painike, joka korostaa n\u00e4m\u00e4 aktiiviset myynnit esiin k\u00e4tev\u00e4sti.<\/p>\n\n\n<div class=\"wp-block-image\">\n<figure class=\"aligncenter size-full\"><img decoding=\"async\" loading=\"lazy\" width=\"115\" height=\"308\" src=\"https:\/\/tere-tech.eu\/balticfinns\/wp-content\/uploads\/2023\/12\/image-11.png\" alt=\"\" class=\"wp-image-86901\" srcset=\"https:\/\/tere-tech.eu\/balticfinns\/wp-content\/uploads\/2023\/12\/image-11.png 115w, https:\/\/tere-tech.eu\/balticfinns\/wp-content\/uploads\/2023\/12\/image-11-112x300.png 112w\" sizes=\"(max-width: 115px) 100vw, 115px\" \/><figcaption class=\"wp-element-caption\">Painikkeet kannattavien hakuun<\/figcaption><\/figure><\/div>\n\n\n<p>Vertaamalla \u00e4skett\u00e4in sulkeutuneiden myyntien sijainteja kartalla nykyisin kannattaviin myynteihin voit nopeasti selvitt\u00e4\u00e4, onko l\u00e4hell\u00e4 mahdollisesti kiinnostava aktiivinen myynti.<\/p>\n\n\n<div class=\"wp-block-image\">\n<figure class=\"aligncenter size-full\"><img decoding=\"async\" loading=\"lazy\" width=\"551\" height=\"416\" src=\"https:\/\/tere-tech.eu\/balticfinns\/wp-content\/uploads\/2023\/12\/image-10.png\" alt=\"\" class=\"wp-image-86900\" srcset=\"https:\/\/tere-tech.eu\/balticfinns\/wp-content\/uploads\/2023\/12\/image-10.png 551w, https:\/\/tere-tech.eu\/balticfinns\/wp-content\/uploads\/2023\/12\/image-10-300x226.png 300w\" sizes=\"(max-width: 551px) 100vw, 551px\" \/><figcaption class=\"wp-element-caption\">Kannattavien vertailu suljettuihin kauppoihin<\/figcaption><\/figure><\/div>\n\n\n<p>Jokainen merkitty karttasymboli (nuo kultaiset rahapussit) n\u00e4ytt\u00e4v\u00e4t my\u00f6s v\u00e4litt\u00f6m\u00e4sti kunkin arvioidun kannattavuustason: mit\u00e4 suurempi ja v\u00e4rikk\u00e4\u00e4mpi symboli, sit\u00e4 edullisempi kauppa on ostajalle.<\/p>\n\n\n\n<h3 class=\"wp-block-heading\">Hinta-arviot ja suljetut esiin kotiselaimesta<\/h3>\n\n\n\n<table class=\"announcement\"  style=\"text-shadow:1px 1px navy; font-size: large\" ><tr><td><ul><li><a class=\"noteitem\" href=\"\/balticfinns\/hb.php\" target=\"_blank\"><img src=\"\/balticfinns\/wp-content\/plugins\/flat-prices\/icons\/hawk_small.png\" > HOME BROWSER | KOTISELAIN<\/a><\/li><\/ul><\/td><td><a href=\"\/balticfinns\/wp-login.php?redirect_to=hb.php\" target=\"_blank\"><span class=\"glyphicon glyphicon-log-in\" style=\"font-size:xx-large; color:navy\"><\/span><\/a><\/td><\/tr><\/table><div style=\"text-align: center\">\n    <b>\n        <a href=\"mailto:info@tere-tech.com\">\n            <span class=\"glyphicon glyphicon-envelope\" style=\"font-size:x-large\"><\/span> \n            info@tere-tech.com\n        <\/a>\n    <\/b>\n<\/div>\n\n","protected":false},"excerpt":{"rendered":"<p>Saat tarkan kuvan siit\u00e4, mit\u00e4 on tapahtunut asuntomarkkinoilla viimeisten viikkojen aikana. T\u00e4m\u00e4n markkinaseurantaty\u00f6kalun avulla voit helposti tarkistaa dynamiikan, mukaan lukien kaikki suljetut kaupat ja joko uudet tai vanhat kodit eri hintaluokissa. T\u00e4m\u00e4 taulukointity\u00f6kalu on ilmainen osa palveluamme ja se voidaan k\u00e4tev\u00e4sti avata jokaiselle asuinalueelle, mahdollistaen vertailut alueen nykytilanteeseen. Loogiset asuntojen kokoluokat Kaupunkialueen markkinak\u00e4ytt\u00e4ytyminen on jaettu &#8230; <a title=\"Suljetut asuntokaupat &#038; niiden seuranta\" class=\"read-more\" href=\"https:\/\/tere-tech.eu\/balticfinns\/index.php\/suljetut-asuntokaupat-niiden-seuranta\/\" aria-label=\"Lue lis\u00e4\u00e4 aiheesta Suljetut asuntokaupat &#038; niiden seuranta\">Lue lis\u00e4\u00e4<\/a><\/p>\n","protected":false},"author":1,"featured_media":86915,"parent":0,"menu_order":0,"comment_status":"closed","ping_status":"closed","template":"","meta":{"_monsterinsights_skip_tracking":false,"_monsterinsights_sitenote_active":false,"_monsterinsights_sitenote_note":"","_monsterinsights_sitenote_category":0,"footnotes":""},"_links":{"self":[{"href":"https:\/\/tere-tech.eu\/balticfinns\/index.php\/wp-json\/wp\/v2\/pages\/86912"}],"collection":[{"href":"https:\/\/tere-tech.eu\/balticfinns\/index.php\/wp-json\/wp\/v2\/pages"}],"about":[{"href":"https:\/\/tere-tech.eu\/balticfinns\/index.php\/wp-json\/wp\/v2\/types\/page"}],"author":[{"embeddable":true,"href":"https:\/\/tere-tech.eu\/balticfinns\/index.php\/wp-json\/wp\/v2\/users\/1"}],"replies":[{"embeddable":true,"href":"https:\/\/tere-tech.eu\/balticfinns\/index.php\/wp-json\/wp\/v2\/comments?post=86912"}],"version-history":[{"count":2,"href":"https:\/\/tere-tech.eu\/balticfinns\/index.php\/wp-json\/wp\/v2\/pages\/86912\/revisions"}],"predecessor-version":[{"id":86914,"href":"https:\/\/tere-tech.eu\/balticfinns\/index.php\/wp-json\/wp\/v2\/pages\/86912\/revisions\/86914"}],"wp:featuredmedia":[{"embeddable":true,"href":"https:\/\/tere-tech.eu\/balticfinns\/index.php\/wp-json\/wp\/v2\/media\/86915"}],"wp:attachment":[{"href":"https:\/\/tere-tech.eu\/balticfinns\/index.php\/wp-json\/wp\/v2\/media?parent=86912"}],"curies":[{"name":"wp","href":"https:\/\/api.w.org\/{rel}","templated":true}]}}