{"id":87614,"date":"2024-04-27T10:09:49","date_gmt":"2024-04-27T07:09:49","guid":{"rendered":"https:\/\/tere-tech.eu\/balticfinns\/?page_id=87614"},"modified":"2024-04-28T08:17:08","modified_gmt":"2024-04-28T05:17:08","slug":"markkinat","status":"publish","type":"page","link":"https:\/\/tere-tech.eu\/balticfinns\/index.php\/markkinat\/","title":{"rendered":"Markkinat"},"content":{"rendered":"\n<p class=\"has-electric-grass-gradient-background has-background has-medium-font-size\"><strong>Asunto- &amp; kotimarkkinoita<\/strong> voit katsella kotiselaimen monipuolisten &amp; automaattisesti p\u00e4ivittyen n\u00e4kymien kautta todella helposti ja tehokkaasti Tallinnasta.<\/p>\n\n\n\n<hr class=\"wp-block-separator has-alpha-channel-opacity\"\/>\n\n\n\n<p class=\"has-medium-font-size\">L\u00f6yd\u00e4t tarkkoja tietoja <strong>seuraavista asuntomarkkinoiden yksityiskohdista:<\/strong><\/p>\n\n\n\n<ul>\n<li>Kaikkien <strong>uusien ALE -kotien<\/strong> &amp; talojen <strong>viimeisimm\u00e4t <mark style=\"background-color:rgba(0, 0, 0, 0)\" class=\"has-inline-color has-accent-color\">hintojen tarkistukset + ne parhaat tarjoukset<\/mark><\/strong>.<\/li>\n\n\n\n<li><strong><mark style=\"background-color:rgba(0, 0, 0, 0)\" class=\"has-inline-color has-accent-color\">Arvostustaan nostaneet myyntikohteet<\/mark> &amp; kodit<\/strong> (ts tarkat kannattavuusarviot perustuen paikallisymp\u00e4rist\u00f6n hinnoittelun kallistumiseen \/ myyntihinnassa tapahtuneeseen alennukseen).\n<ul>\n<li>Rekister\u00f6ityneen\u00e4 k\u00e4ytt\u00e4j\u00e4n\u00e4 toteat my\u00f6s sek\u00e4 pyynt\u00f6hinnan kehityksen + arvostuksen historian koko julkisen nettimyynnin keston ajalta.<\/li>\n<\/ul>\n<\/li>\n\n\n\n<li><strong><a href=\"https:\/\/tere-tech.eu\/balticfinns\/hb.php\" data-type=\"link\" data-id=\"https:\/\/tere-tech.eu\/balticfinns\/hb.php\" target=\"_blank\" rel=\"noreferrer noopener\">Interaktiivinen &amp; <mark style=\"background-color:rgba(0, 0, 0, 0)\" class=\"has-inline-color has-accent-color\">kiva markkinakuva<\/mark><\/a><\/strong> muodostuu kotiselaimen kartalle automaattisesti. T\u00e4m\u00e4n avulla voit monipuolisesti tarkastella jokaista julkisen kodin myyntitilannetta eritt\u00e4in yksityiskohtaisesti.\n<ul>\n<li>N\u00e4et arvostuksen l\u00e4hiymp\u00e4rist\u00f6\u00f6n ja l\u00f6yd\u00e4t siihen eniten vaikuttavat muut vastaavat myynnit.<\/li>\n\n\n\n<li>Ymm\u00e4rr\u00e4t n\u00e4iden vaikuttavuuden sek\u00e4 visuaalisesti (+ euroissa) arvioituihin k\u00e4ypiin arvoihin n\u00e4hden.<\/li>\n\n\n\n<li>Selvit\u00e4t paikalliset &#8221;hot spot&#8221; -l\u00e4hi\u00f6t markkinatapahtumien perusteella hetkess\u00e4 talokohtaisesti.\n<ul>\n<li>L\u00f6yd\u00e4t aivan \u00e4skett\u00e4in (ts -4 vko) sulkeutuneet julkiset asuntomyynnit ja niiden m\u00e4\u00e4r\u00e4t.<\/li>\n\n\n\n<li>Vertailet toisiinsa juuri muuttuneiden pyynt\u00f6jen m\u00e4\u00e4r\u00e4\u00e4 &amp; tasoja my\u00f6s juuri viime jaksolle ilmestyneiden uusien suhteen.<\/li>\n<\/ul>\n<\/li>\n\n\n\n<li>Isossa kuvassa ymm\u00e4rr\u00e4t my\u00f6s markkinatrendit alueittain taustalta ja pyynt\u00f6jen kehitykset (ts m2-keskihinnat &amp; totaaliset ilmoitusm\u00e4\u00e4r\u00e4t).<\/li>\n\n\n\n<li>Rekister\u00f6ityneen\u00e4 k\u00e4ytt\u00e4j\u00e4n\u00e4 saat my\u00f6s koko myyntiajan pyynt\u00f6historian + kaikkein l\u00e4himm\u00e4t kilpailevat asuntomyynnit taulukoituna esiin.<\/li>\n<\/ul>\n<\/li>\n<\/ul>\n\n\n\n<hr class=\"wp-block-separator has-alpha-channel-opacity\"\/>\n\n\n\n<table class=\"announcement\"  style=\"text-shadow:1px 1px navy; font-size: large\" ><tr><td><ul><li><a class=\"noteitem\" href=\"\/balticfinns\/hb.php\" target=\"_blank\"><img src=\"\/balticfinns\/wp-content\/plugins\/flat-prices\/icons\/hawk_small.png\" > HOME BROWSER | KOTISELAIN<\/a><\/li><\/ul><\/td><td><a href=\"\/balticfinns\/wp-login.php?redirect_to=hb.php\" target=\"_blank\"><span class=\"glyphicon glyphicon-log-in\" style=\"font-size:xx-large; color:navy\"><\/span><\/a><\/td><\/tr><\/table><div style=\"text-align: center\">\n    <b>\n        <a href=\"mailto:info@tere-tech.com\">\n            <span class=\"glyphicon glyphicon-envelope\" style=\"font-size:x-large\"><\/span> \n            info@tere-tech.com\n        <\/a>\n    <\/b>\n<\/div>\n\n","protected":false},"excerpt":{"rendered":"<p>Asunto- &amp; kotimarkkinoita voit katsella kotiselaimen monipuolisten &amp; automaattisesti p\u00e4ivittyen n\u00e4kymien kautta todella helposti ja tehokkaasti Tallinnasta. L\u00f6yd\u00e4t tarkkoja tietoja seuraavista asuntomarkkinoiden yksityiskohdista:<\/p>\n","protected":false},"author":1,"featured_media":0,"parent":0,"menu_order":0,"comment_status":"closed","ping_status":"closed","template":"","meta":{"_monsterinsights_skip_tracking":false,"_monsterinsights_sitenote_active":false,"_monsterinsights_sitenote_note":"","_monsterinsights_sitenote_category":0,"footnotes":""},"_links":{"self":[{"href":"https:\/\/tere-tech.eu\/balticfinns\/index.php\/wp-json\/wp\/v2\/pages\/87614"}],"collection":[{"href":"https:\/\/tere-tech.eu\/balticfinns\/index.php\/wp-json\/wp\/v2\/pages"}],"about":[{"href":"https:\/\/tere-tech.eu\/balticfinns\/index.php\/wp-json\/wp\/v2\/types\/page"}],"author":[{"embeddable":true,"href":"https:\/\/tere-tech.eu\/balticfinns\/index.php\/wp-json\/wp\/v2\/users\/1"}],"replies":[{"embeddable":true,"href":"https:\/\/tere-tech.eu\/balticfinns\/index.php\/wp-json\/wp\/v2\/comments?post=87614"}],"version-history":[{"count":19,"href":"https:\/\/tere-tech.eu\/balticfinns\/index.php\/wp-json\/wp\/v2\/pages\/87614\/revisions"}],"predecessor-version":[{"id":87665,"href":"https:\/\/tere-tech.eu\/balticfinns\/index.php\/wp-json\/wp\/v2\/pages\/87614\/revisions\/87665"}],"wp:attachment":[{"href":"https:\/\/tere-tech.eu\/balticfinns\/index.php\/wp-json\/wp\/v2\/media?parent=87614"}],"curies":[{"name":"wp","href":"https:\/\/api.w.org\/{rel}","templated":true}]}}