{"id":87651,"date":"2024-04-28T07:29:00","date_gmt":"2024-04-28T04:29:00","guid":{"rendered":"https:\/\/tere-tech.eu\/balticfinns\/?page_id=87651"},"modified":"2024-04-28T08:00:47","modified_gmt":"2024-04-28T05:00:47","slug":"alysopimukset-web3","status":"publish","type":"page","link":"https:\/\/tere-tech.eu\/balticfinns\/index.php\/alysopimukset-web3\/","title":{"rendered":"\u00c4lysopimukset (web3)"},"content":{"rendered":"\n<p class=\"has-electric-grass-gradient-background has-background has-medium-font-size\"><strong>Kotiselaimen \u00e4lysopimukset<\/strong> avaavat tien solmia pit\u00e4vi\u00e4 &amp; turvallisia kohtaamisia asunnon myyj\u00e4n &amp; ostajan kesken k\u00e4ytt\u00e4en <em>lohkoketjun teknologiaa<\/em> hyv\u00e4ksi. Molempien osapuolien k\u00e4ytt\u00e4ess\u00e4 kryptolompakkoaan sopimusta teht\u00e4ess\u00e4 he varmistavat yhteisesti sovittujen reunaehtojen puitteissa toimimaan samaan suuntaan aikatauluja kunnioittaen.<\/p>\n\n\n\n<p>N\u00e4ill\u00e4 sopimuksilla voit k\u00e4tev\u00e4sti asunnon myyj\u00e4n\u00e4 hinnoitella yksityisn\u00e4yt\u00f6n ulkomaiselle ostajalle ja ostajan roolissa osoittaa kiinnostuksesi tulla tapaamaan myyj\u00e4\u00e4 paikan p\u00e4\u00e4lle sovitun m\u00e4\u00e4r\u00e4ajan puitteissa.<\/p>\n\n\n\n<p class=\"has-blush-light-purple-gradient-background has-background\"><strong><mark style=\"background-color:rgba(0, 0, 0, 0)\" class=\"has-inline-color has-accent-color\">HUOM<\/mark><\/strong>: kotiselaimen <span style=\"text-decoration: underline;\">\u00e4lysopimukset ovat pilotointivaiheessa<\/span> (!) ts ota yhteytt\u00e4 ja pyyd\u00e4 tarjoustamme liitty\u00e4 testik\u00e4ytt\u00e4j\u00e4ksi kun olet asunnon <em>myyj\u00e4n\u00e4 markkinoilla liikkeell\u00e4 Tallinnasta<\/em>.<\/p>\n","protected":false},"excerpt":{"rendered":"<p>Kotiselaimen \u00e4lysopimukset avaavat tien solmia pit\u00e4vi\u00e4 &amp; turvallisia kohtaamisia asunnon myyj\u00e4n &amp; ostajan kesken k\u00e4ytt\u00e4en lohkoketjun teknologiaa hyv\u00e4ksi. Molempien osapuolien k\u00e4ytt\u00e4ess\u00e4 kryptolompakkoaan sopimusta teht\u00e4ess\u00e4 he varmistavat yhteisesti sovittujen reunaehtojen puitteissa toimimaan samaan suuntaan aikatauluja kunnioittaen. N\u00e4ill\u00e4 sopimuksilla voit k\u00e4tev\u00e4sti asunnon myyj\u00e4n\u00e4 hinnoitella yksityisn\u00e4yt\u00f6n ulkomaiselle ostajalle ja ostajan roolissa osoittaa kiinnostuksesi tulla tapaamaan myyj\u00e4\u00e4 paikan p\u00e4\u00e4lle &#8230; <a title=\"\u00c4lysopimukset (web3)\" class=\"read-more\" href=\"https:\/\/tere-tech.eu\/balticfinns\/index.php\/alysopimukset-web3\/\" aria-label=\"Lue lis\u00e4\u00e4 aiheesta \u00c4lysopimukset (web3)\">Lue lis\u00e4\u00e4<\/a><\/p>\n","protected":false},"author":1,"featured_media":0,"parent":0,"menu_order":0,"comment_status":"closed","ping_status":"closed","template":"","meta":{"_monsterinsights_skip_tracking":false,"_monsterinsights_sitenote_active":false,"_monsterinsights_sitenote_note":"","_monsterinsights_sitenote_category":0,"footnotes":""},"_links":{"self":[{"href":"https:\/\/tere-tech.eu\/balticfinns\/index.php\/wp-json\/wp\/v2\/pages\/87651"}],"collection":[{"href":"https:\/\/tere-tech.eu\/balticfinns\/index.php\/wp-json\/wp\/v2\/pages"}],"about":[{"href":"https:\/\/tere-tech.eu\/balticfinns\/index.php\/wp-json\/wp\/v2\/types\/page"}],"author":[{"embeddable":true,"href":"https:\/\/tere-tech.eu\/balticfinns\/index.php\/wp-json\/wp\/v2\/users\/1"}],"replies":[{"embeddable":true,"href":"https:\/\/tere-tech.eu\/balticfinns\/index.php\/wp-json\/wp\/v2\/comments?post=87651"}],"version-history":[{"count":4,"href":"https:\/\/tere-tech.eu\/balticfinns\/index.php\/wp-json\/wp\/v2\/pages\/87651\/revisions"}],"predecessor-version":[{"id":87660,"href":"https:\/\/tere-tech.eu\/balticfinns\/index.php\/wp-json\/wp\/v2\/pages\/87651\/revisions\/87660"}],"wp:attachment":[{"href":"https:\/\/tere-tech.eu\/balticfinns\/index.php\/wp-json\/wp\/v2\/media?parent=87651"}],"curies":[{"name":"wp","href":"https:\/\/api.w.org\/{rel}","templated":true}]}}