{"id":87710,"date":"2024-04-28T19:38:49","date_gmt":"2024-04-28T16:38:49","guid":{"rendered":"https:\/\/tere-tech.eu\/balticfinns\/?page_id=87710"},"modified":"2024-04-28T19:41:42","modified_gmt":"2024-04-28T16:41:42","slug":"uudet-myynnit","status":"publish","type":"page","link":"https:\/\/tere-tech.eu\/balticfinns\/index.php\/uudet-myynnit\/","title":{"rendered":"Uudet myynnit"},"content":{"rendered":"\n<p class=\"has-electric-grass-gradient-background has-background has-medium-font-size\">T\u00e4\u00e4lt\u00e4 voit suoraan avata &amp; katsella tuoreimpia listauksia <strong>uusimmista asuntomyynneist\u00e4 asuinalueittain<\/strong>.<\/p>\n\n\n\n<h3 class=\"wp-block-heading\">Asuinalueet (Tallinna)<\/h3>\n\n\n\n<p class=\"has-base-background-color has-background\"><strong>Napauta listalta alta<\/strong> sinua eniten kiinnostava alue &amp; p\u00e4\u00e4set suoraan sen aktiivisille muuttuville markkinakartalle kotiselaimeen.<\/p>\n\n\n\n<ol>\n<li class=\"has-medium-font-size\"><a href=\"https:\/\/tere-tech.eu\/balticfinns\/hb.php?market=newsales&amp;sub=Kesklinn\" data-type=\"link\" data-id=\"https:\/\/tere-tech.eu\/balticfinns\/hb.php?market=updated&amp;sub=Kesklinn\" target=\"_blank\" rel=\"noreferrer noopener\">KESKLINN<\/a><\/li>\n\n\n\n<li class=\"has-medium-font-size\"><a href=\"https:\/\/tere-tech.eu\/balticfinns\/hb.php?market=newsales&amp;sub=Pohja-Tallinn\" data-type=\"link\" data-id=\"https:\/\/tere-tech.eu\/balticfinns\/hb.php?market=updated&amp;sub=Pohja-Tallinn\" target=\"_blank\" rel=\"noreferrer noopener\">POHJA-TALLINN<\/a><\/li>\n\n\n\n<li class=\"has-medium-font-size\"><a href=\"https:\/\/tere-tech.eu\/balticfinns\/hb.php?market=newsales&amp;sub=Mustamae\" data-type=\"link\" data-id=\"https:\/\/tere-tech.eu\/balticfinns\/hb.php?market=updated&amp;sub=Mustamae\" target=\"_blank\" rel=\"noreferrer noopener\">MUSTAM\u00c4E<\/a><\/li>\n\n\n\n<li class=\"has-medium-font-size\"><a href=\"https:\/\/tere-tech.eu\/balticfinns\/hb.php?market=newsales&amp;sub=Lasnamae\" data-type=\"link\" data-id=\"https:\/\/tere-tech.eu\/balticfinns\/hb.php?market=updated&amp;sub=Nomme\" target=\"_blank\" rel=\"noreferrer noopener\">LASNAM\u00c4E<\/a><\/li>\n\n\n\n<li class=\"has-medium-font-size\"><a href=\"https:\/\/tere-tech.eu\/balticfinns\/hb.php?market=newsales&amp;sub=Haabersti\" data-type=\"link\" data-id=\"https:\/\/tere-tech.eu\/balticfinns\/hb.php?market=updated&amp;sub=Nomme\" target=\"_blank\" rel=\"noreferrer noopener\">Haabersti<\/a><\/li>\n\n\n\n<li class=\"has-medium-font-size\"><a href=\"https:\/\/tere-tech.eu\/balticfinns\/hb.php?market=newsales&amp;sub=Kristiine\" data-type=\"link\" data-id=\"https:\/\/tere-tech.eu\/balticfinns\/hb.php?market=updated&amp;sub=Kristiine\" target=\"_blank\" rel=\"noreferrer noopener\">Kristiine<\/a><\/li>\n\n\n\n<li class=\"has-medium-font-size\"><a href=\"https:\/\/tere-tech.eu\/balticfinns\/hb.php?market=newsales&amp;sub=Nomme\" data-type=\"link\" data-id=\"https:\/\/tere-tech.eu\/balticfinns\/hb.php?market=updated&amp;sub=Nomme\" target=\"_blank\" rel=\"noreferrer noopener\">Nomme<\/a><\/li>\n\n\n\n<li class=\"has-medium-font-size\"><a href=\"https:\/\/tere-tech.eu\/balticfinns\/hb.php?market=newsales&amp;sub=Pirita\" data-type=\"link\" data-id=\"https:\/\/tere-tech.eu\/balticfinns\/hb.php?market=updated&amp;sub=Pirita\">Pirita<\/a><\/li>\n<\/ol>\n\n\n\n<hr class=\"wp-block-separator has-alpha-channel-opacity\"\/>\n","protected":false},"excerpt":{"rendered":"<p>T\u00e4\u00e4lt\u00e4 voit suoraan avata &amp; katsella tuoreimpia listauksia uusimmista asuntomyynneist\u00e4 asuinalueittain. Asuinalueet (Tallinna) Napauta listalta alta sinua eniten kiinnostava alue &amp; p\u00e4\u00e4set suoraan sen aktiivisille muuttuville markkinakartalle kotiselaimeen.<\/p>\n","protected":false},"author":1,"featured_media":0,"parent":0,"menu_order":0,"comment_status":"closed","ping_status":"closed","template":"","meta":{"_monsterinsights_skip_tracking":false,"_monsterinsights_sitenote_active":false,"_monsterinsights_sitenote_note":"","_monsterinsights_sitenote_category":0,"footnotes":""},"_links":{"self":[{"href":"https:\/\/tere-tech.eu\/balticfinns\/index.php\/wp-json\/wp\/v2\/pages\/87710"}],"collection":[{"href":"https:\/\/tere-tech.eu\/balticfinns\/index.php\/wp-json\/wp\/v2\/pages"}],"about":[{"href":"https:\/\/tere-tech.eu\/balticfinns\/index.php\/wp-json\/wp\/v2\/types\/page"}],"author":[{"embeddable":true,"href":"https:\/\/tere-tech.eu\/balticfinns\/index.php\/wp-json\/wp\/v2\/users\/1"}],"replies":[{"embeddable":true,"href":"https:\/\/tere-tech.eu\/balticfinns\/index.php\/wp-json\/wp\/v2\/comments?post=87710"}],"version-history":[{"count":2,"href":"https:\/\/tere-tech.eu\/balticfinns\/index.php\/wp-json\/wp\/v2\/pages\/87710\/revisions"}],"predecessor-version":[{"id":87713,"href":"https:\/\/tere-tech.eu\/balticfinns\/index.php\/wp-json\/wp\/v2\/pages\/87710\/revisions\/87713"}],"wp:attachment":[{"href":"https:\/\/tere-tech.eu\/balticfinns\/index.php\/wp-json\/wp\/v2\/media?parent=87710"}],"curies":[{"name":"wp","href":"https:\/\/api.w.org\/{rel}","templated":true}]}}